{"id":34,"date":"2023-10-10T21:00:58","date_gmt":"2023-10-10T21:00:58","guid":{"rendered":"https:\/\/licencegrid.com\/?post_type=product&#038;p=34"},"modified":"2023-10-19T22:37:55","modified_gmt":"2023-10-19T22:37:55","slug":"adobe-photoshop-cs6","status":"publish","type":"product","link":"https:\/\/licencegrid.com\/pl\/produkt\/adobe-photoshop-cs6\/","title":{"rendered":"Adobe Photoshop CS6"},"content":{"rendered":"<p><strong>Adobe Photoshop CS6<\/strong><\/p>\n<p>&nbsp;<\/p>\n<p><strong>Adobe Creative Suite 6 Photoshop<\/strong><\/p>\n<p>Adobe Creative Suite 6 Design Standard zapewnia najwy\u017csz\u0105 kreatywno\u015b\u0107 dzi\u0119ki nowemu silnikowi Mercury Graphics Engine w Adobe Photoshop\u00ae i Mercury Performance System w Adobe Illustrator. Adobe Photoshop umo\u017cliwia tworzenie nowych projekt\u00f3w, takich jak filmy wideo, a Adobe InDesign umo\u017cliwia tworzenie projekt\u00f3w na iPady i inne tablety. Wykonuje r\u00f3wnie\u017c zaawansowane projekty graficzne dla produkt\u00f3w afdruk z wykorzystaniem zaawansowanych technologii.<\/p>\n<p><strong>Najlepsze nowe funkcje w CS6 Design Standard<\/strong><\/p>\n<p>Pracuj superszybko na z\u0142o\u017conych bestanden dzi\u0119ki Adobe Mercury Graphics Engine w Photoshop * i Mercury Performance System w Illustrator. Bespaar tijd met saaie product ontwikkeld door tientallen verbeteringen InDesign om rijkelijk eBooks of publications for the iPad en andere tablets on the stellen.<\/p>\n<p><strong>Ontdek what je zoal kunt maken<\/strong><\/p>\n<p>Uzyskaj najlepsze wyniki dzi\u0119ki najnowszemu zestawowi oprogramowania do druku i publikacji cyfrowych. Obrazy cyfrowe, tworzenie grafiki wektorowej i tworzenie stron do wydruk\u00f3w, e-book\u00f3w i publikacji na iPada.<\/p>\n<p><strong>Ontdek welke tijd je al hebt gemist als je CS5 oversloeg<\/strong><\/p>\n<p>Opowiadamy o najnowszych i najciekawszych funkcjach program\u00f3w Photoshop, Illustrator i InDesign.<\/p>\n<p><strong>Snellere ontwerptaken w Photoshopie<\/strong><\/p>\n<p>Weryfikuj szczeg\u00f3\u0142y za pomoc\u0105 nowych i otwartych aplikacji wektorowych. Mo\u017cesz tworzy\u0107 teksty, korzysta\u0107 z wektor\u00f3w, aby przekazywa\u0107 dane i otwiera\u0107 obiekty wektorowe, tworzy\u0107 nowe i ulepszone teksty, korzysta\u0107 z wektor\u00f3w i wiele wi\u0119cej.<\/p>\n<p><strong>Ilustracje wykonane w programie Illustrator<\/strong><\/p>\n<p>Konwersja danych rastrowych na rzeczywiste wektory za pomoc\u0105 nowego, zaawansowanego silnika. Pozwala to na uzyskanie wysokiej wydajno\u015bci, szybko\u015bci i dobrych wynik\u00f3w dzi\u0119ki z\u0142o\u017conym elementom pomiarowym.<\/p>\n<p><strong>Alternatywny uk\u0142ad w programie InDesign<\/strong><\/p>\n<p>Dokument i za pomoc\u0105 kontroli Alternatywne uk\u0142ady tre\u015bci na stronie i tekst synchronizuj\u0105 si\u0119 z innymi formatami stron, stanowiskami lub urz\u0105dzeniami.<\/p>\n<p><strong>Videobewerking w programie Photoshop<\/strong><\/p>\n<p>Tw\u00f3rz filmy w Photoshopie i wykorzystuj je w swoich cyfrowych projektach edycyjnych. \u0141\u0105cz ze sob\u0105 fragmenty wideo i standardowe elementy za pomoc\u0105 overgangen, audio i efekt\u00f3w, takich jak pannen i zoomen.<\/p>\n<p><strong>Weryfikacja autokorekty w programie Photoshop<\/strong><\/p>\n<p>Verbeter Curven, Niveaus en Helderheid \/ kontrast. Georentegreerde intelligentie van de hand geretoucheerde afbeeldingen zorgt voor een voorsprong bij het maken van aanpassingen.<\/p>\n<p><strong>Slim aanpassen aan tekstkader w programie InDesign<\/strong><\/p>\n<p>Za pomoc\u0105 odpowiednich parametr\u00f3w mo\u017cna ustawi\u0107 kadr tak, aby mo\u017cna by\u0142o wyregulowa\u0107 tekst, gdy jest to konieczne. Umo\u017cliwia automatyczn\u0105 rejestracj\u0119 i weryfikacj\u0119 kopiowania, toelichtingu i innych inteligentnych ustawie\u0144.<\/p>\n<p><strong>Vullen met behoud van inhoud w Photoshopie<\/strong><\/p>\n<p>Verwijder elk gewenst afbeeldingsdetail van -object en zie hoe met de functie Vullen met behoud van inhoud de lege ruimte op bijna miraculeuze wijze wordt gevuld. Stem belichting, kleurtoon en ruis zo op elkaar, dat het ook de verwijderde inhoud nooit in de afbeelding stond.<\/p>\n<p><strong>\u00a0<\/strong><\/p>","protected":false},"excerpt":{"rendered":"<h5><img decoding=\"async\" class=\"wp-image-38007 alignnone\" src=\"https:\/\/licencegrid.com\/wp-content\/uploads\/2022\/02\/blue-mark.png\" alt=\"\" width=\"25\" height=\"25\" srcset=\"https:\/\/licencegrid.com\/wp-content\/uploads\/2022\/02\/blue-mark.png 225w, https:\/\/licencegrid.com\/wp-content\/uploads\/2022\/02\/blue-mark-150x150.png 150w\" sizes=\"(max-width: 25px) 100vw, 25px\" \/>\u00a0<strong>Szybka i prosta obs\u0142uga oprogramowania!<br \/>\n<\/strong><img decoding=\"async\" class=\"wp-image-38007 alignnone\" src=\"https:\/\/licencegrid.com\/wp-content\/uploads\/2022\/02\/blue-mark.png\" alt=\"\" width=\"25\" height=\"25\" srcset=\"https:\/\/licencegrid.com\/wp-content\/uploads\/2022\/02\/blue-mark.png 225w, https:\/\/licencegrid.com\/wp-content\/uploads\/2022\/02\/blue-mark-150x150.png 150w\" sizes=\"(max-width: 25px) 100vw, 25px\" \/>\u00a0<strong>Binnen enkele seconden, digitaal geleverd!<br \/>\n<\/strong><img decoding=\"async\" class=\"wp-image-38007 alignnone\" src=\"https:\/\/licencegrid.com\/wp-content\/uploads\/2022\/02\/blue-mark.png\" alt=\"\" width=\"25\" height=\"25\" srcset=\"https:\/\/licencegrid.com\/wp-content\/uploads\/2022\/02\/blue-mark.png 225w, https:\/\/licencegrid.com\/wp-content\/uploads\/2022\/02\/blue-mark-150x150.png 150w\" sizes=\"(max-width: 25px) 100vw, 25px\" \/>\u00a0<strong>Niet goed = Geld terug!<br \/>\n<\/strong><img decoding=\"async\" class=\"wp-image-38007 alignnone\" src=\"https:\/\/licencegrid.com\/wp-content\/uploads\/2022\/02\/blue-mark.png\" alt=\"\" width=\"25\" height=\"25\" srcset=\"https:\/\/licencegrid.com\/wp-content\/uploads\/2022\/02\/blue-mark.png 225w, https:\/\/licencegrid.com\/wp-content\/uploads\/2022\/02\/blue-mark-150x150.png 150w\" sizes=\"(max-width: 25px) 100vw, 25px\" \/> Klantenservice tot 23:00 bereikbaar!<br \/>\n<img decoding=\"async\" class=\"wp-image-38007 alignnone\" src=\"https:\/\/licencegrid.com\/wp-content\/uploads\/2022\/02\/blue-mark.png\" alt=\"\" width=\"25\" height=\"25\" srcset=\"https:\/\/licencegrid.com\/wp-content\/uploads\/2022\/02\/blue-mark.png 225w, https:\/\/licencegrid.com\/wp-content\/uploads\/2022\/02\/blue-mark-150x150.png 150w\" sizes=\"(max-width: 25px) 100vw, 25px\" \/> Skorzystaj z holenderskiego sklepu internetowego z kluczem do sklepu internetowego!<\/h5>\n<h3><\/h3>","protected":false},"featured_media":75,"template":"","meta":{"inline_featured_image":false},"product_brand":[],"product_cat":[19],"product_tag":[],"class_list":{"0":"post-34","1":"product","2":"type-product","3":"status-publish","4":"has-post-thumbnail","6":"product_cat-multimedia","8":"first","9":"outofstock","10":"sale","11":"taxable","12":"shipping-taxable","13":"purchasable","14":"product-type-simple"},"_links":{"self":[{"href":"https:\/\/licencegrid.com\/pl\/wp-json\/wp\/v2\/product\/34","targetHints":{"allow":["GET"]}}],"collection":[{"href":"https:\/\/licencegrid.com\/pl\/wp-json\/wp\/v2\/product"}],"about":[{"href":"https:\/\/licencegrid.com\/pl\/wp-json\/wp\/v2\/types\/product"}],"wp:featuredmedia":[{"embeddable":true,"href":"https:\/\/licencegrid.com\/pl\/wp-json\/wp\/v2\/media\/75"}],"wp:attachment":[{"href":"https:\/\/licencegrid.com\/pl\/wp-json\/wp\/v2\/media?parent=34"}],"wp:term":[{"taxonomy":"product_brand","embeddable":true,"href":"https:\/\/licencegrid.com\/pl\/wp-json\/wp\/v2\/product_brand?post=34"},{"taxonomy":"product_cat","embeddable":true,"href":"https:\/\/licencegrid.com\/pl\/wp-json\/wp\/v2\/product_cat?post=34"},{"taxonomy":"product_tag","embeddable":true,"href":"https:\/\/licencegrid.com\/pl\/wp-json\/wp\/v2\/product_tag?post=34"}],"curies":[{"name":"wp","href":"https:\/\/api.w.org\/{rel}","templated":true}]}}