{"id":41,"date":"2022-02-26T09:21:14","date_gmt":"2022-02-26T09:21:14","guid":{"rendered":"https:\/\/licencegrid.com\/?post_type=product&#038;p=41"},"modified":"2023-11-05T20:06:07","modified_gmt":"2023-11-05T20:06:07","slug":"norton-security-deluxe-3pc-1-jaar","status":"publish","type":"product","link":"https:\/\/licencegrid.com\/pl\/produkt\/norton-security-deluxe-3pc-1-jaar\/","title":{"rendered":"Norton Security Deluxe 3PC - 1 JAAR"},"content":{"rendered":"<p>Norton Security Deluxe to wyj\u0105tkowe i zaawansowane oprogramowanie antywirusowe, kt\u00f3re zosta\u0142o opracowane z my\u015bl\u0105 o ochronie Twojego cyfrowego \u017cycia przed licznymi zagro\u017ceniami online i ryzykiem zwi\u0105zanym z bezpiecze\u0144stwem. Pakiet na 3 komputery zapewnia niezb\u0119dne wsparcie dla Twoich urz\u0105dze\u0144, wraz z zaawansowanymi funkcjami antywirusowymi i zabezpieczaj\u0105cymi, dzi\u0119ki kt\u00f3rym korzystanie z Internetu b\u0119dzie bezpieczne i niezawodne.<\/p>\n<p><strong>Najwa\u017cniejsze informacje:<\/strong><\/p>\n<ol>\n<li><strong>Ochrona przed z\u0142o\u015bliwym oprogramowaniem i wirusami:<\/strong> Norton Security Deluxe zapewnia ochron\u0119 w czasie rzeczywistym przed z\u0142o\u015bliwym oprogramowaniem, wirusami, programami szpieguj\u0105cymi i oprogramowaniem ransomware, dzi\u0119ki czemu komputer jest bezpieczny.<\/li>\n<li><strong>Firewall i ochrona sieci:<\/strong> Wbudowana zapora sieciowa zapewnia dost\u0119p do wielu funkcji i zabezpiecze\u0144, dzi\u0119ki czemu osobiste prawa i prywatno\u015b\u0107 s\u0105 chronione.<\/li>\n<li><strong>Webbeveiliging:<\/strong> Oprogramowanie to chroni przed potencjalnie niebezpiecznymi stronami internetowymi i zabezpiecza przed phishingiem podczas surfowania po Internecie.<\/li>\n<li><strong>Identiteitsbescherming:<\/strong> Norton Security Deluxe chroni osobiste i finansowe zabezpieczenia przed kradzie\u017c\u0105 i kradzie\u017c\u0105 to\u017csamo\u015bci.<\/li>\n<li><strong>Automatyczne aktualizacje:<\/strong> Definicje antywirusowe s\u0105 automatycznie aktualizowane, aby u\u0142atwi\u0107 ochron\u0119 przed nowymi zagro\u017ceniami.<\/li>\n<li><strong>Obs\u0142uga wi\u0119kszych urz\u0105dze\u0144:<\/strong> Ta umowa licencyjna na 3 komputery umo\u017cliwia korzystanie z wi\u0119kszej liczby urz\u0105dze\u0144, takich jak komputery, laptopy i tablety, z jedn\u0105 licencj\u0105.<\/li>\n<li><strong>24\/7 Klantenservice:<\/strong> Norton zapewnia dost\u0119p do profesjonalnej obs\u0142ugi klienta, dzi\u0119ki czemu mo\u017cna szybko usun\u0105\u0107 zdarzenia i problemy.<\/li>\n<\/ol>\n<p><strong>Systeemvereisten:<\/strong><\/p>\n<p>Aby zainstalowa\u0107 i uruchomi\u0107 Norton Security Deluxe na komputerze, nale\u017cy przej\u015b\u0107 do minimalnych ustawie\u0144 systemu:<\/p>\n<ul>\n<li>Najlepszy system operacyjny: Windows 7, 8, 8.1, 10<\/li>\n<li>Procesor: 1 GHz sneller<\/li>\n<li>Pami\u0119\u0107 RAM: 2 GB (dla 32-bit\u00f3w) lub 4 GB (dla 64-bit\u00f3w)<\/li>\n<li>Du\u017cy rozmiar: 300 MB bez uszkodze\u0144<\/li>\n<li>Internetverbinding: Vereist voor updates en beveiligingsfuncties<\/li>\n<\/ul>\n<p>Norton Security Deluxe z rocznym abonamentem na 3 komputery zapewnia skuteczn\u0105 i przyjazn\u0105 ochron\u0119 dla przedsi\u0119biorc\u00f3w i ma\u0142ych firm. Dzi\u0119ki technologiom Norton mo\u017cna korzysta\u0107 z us\u0142ug internetowych, bankowych, poczty elektronicznej i surfowa\u0107 po Internecie, maj\u0105c pewno\u015b\u0107, \u017ce urz\u0105dzenia i oprogramowanie s\u0105 dobrze zabezpieczone. Pakiet na nowsze komputery PC pozwala cieszy\u0107 si\u0119 zaufaniem w coraz bardziej dynamicznym \u015bwiecie online.<\/p>","protected":false},"excerpt":{"rendered":"<p>Norton Security Deluxe to wyj\u0105tkowe i zaawansowane oprogramowanie antywirusowe, kt\u00f3re zosta\u0142o opracowane z my\u015bl\u0105 o ochronie Twojego cyfrowego \u017cycia przed licznymi zagro\u017ceniami online i ryzykiem zwi\u0105zanym z bezpiecze\u0144stwem. Pakiet na 3 komputery zapewnia niezb\u0119dne wsparcie dla Twoich urz\u0105dze\u0144, wraz z zaawansowanymi funkcjami antywirusowymi i zabezpieczaj\u0105cymi, dzi\u0119ki kt\u00f3rym korzystanie z Internetu b\u0119dzie bezpieczne i niezawodne.<\/p>\n<h5><img decoding=\"async\" class=\"wp-image-38007 alignnone\" src=\"https:\/\/licencegrid.com\/wp-content\/uploads\/2022\/02\/blue-mark.png\" alt=\"\" width=\"25\" height=\"25\" srcset=\"https:\/\/licencegrid.com\/wp-content\/uploads\/2022\/02\/blue-mark.png 225w, https:\/\/licencegrid.com\/wp-content\/uploads\/2022\/02\/blue-mark-150x150.png 150w\" sizes=\"(max-width: 25px) 100vw, 25px\" \/>\u00a0<strong>Szybka i prosta obs\u0142uga oprogramowania!<br \/>\n<\/strong><img decoding=\"async\" class=\"wp-image-38007 alignnone\" src=\"https:\/\/licencegrid.com\/wp-content\/uploads\/2022\/02\/blue-mark.png\" alt=\"\" width=\"25\" height=\"25\" srcset=\"https:\/\/licencegrid.com\/wp-content\/uploads\/2022\/02\/blue-mark.png 225w, https:\/\/licencegrid.com\/wp-content\/uploads\/2022\/02\/blue-mark-150x150.png 150w\" sizes=\"(max-width: 25px) 100vw, 25px\" \/>\u00a0<strong>Binnen enkele seconden, digitaal geleverd!<br \/>\n<\/strong><img decoding=\"async\" class=\"wp-image-38007 alignnone\" src=\"https:\/\/licencegrid.com\/wp-content\/uploads\/2022\/02\/blue-mark.png\" alt=\"\" width=\"25\" height=\"25\" srcset=\"https:\/\/licencegrid.com\/wp-content\/uploads\/2022\/02\/blue-mark.png 225w, https:\/\/licencegrid.com\/wp-content\/uploads\/2022\/02\/blue-mark-150x150.png 150w\" sizes=\"(max-width: 25px) 100vw, 25px\" \/>\u00a0<strong>Niet goed = Geld terug!<br \/>\n<\/strong><img decoding=\"async\" class=\"wp-image-38007 alignnone\" src=\"https:\/\/licencegrid.com\/wp-content\/uploads\/2022\/02\/blue-mark.png\" alt=\"\" width=\"25\" height=\"25\" srcset=\"https:\/\/licencegrid.com\/wp-content\/uploads\/2022\/02\/blue-mark.png 225w, https:\/\/licencegrid.com\/wp-content\/uploads\/2022\/02\/blue-mark-150x150.png 150w\" sizes=\"(max-width: 25px) 100vw, 25px\" \/> Klantenservice tot 23:00 bereikbaar!<br \/>\n<img decoding=\"async\" class=\"wp-image-38007 alignnone\" src=\"https:\/\/licencegrid.com\/wp-content\/uploads\/2022\/02\/blue-mark.png\" alt=\"\" width=\"25\" height=\"25\" srcset=\"https:\/\/licencegrid.com\/wp-content\/uploads\/2022\/02\/blue-mark.png 225w, https:\/\/licencegrid.com\/wp-content\/uploads\/2022\/02\/blue-mark-150x150.png 150w\" sizes=\"(max-width: 25px) 100vw, 25px\" \/> Skorzystaj z holenderskiego sklepu internetowego z kluczem do sklepu internetowego!<\/h5>\n<h3><\/h3>","protected":false},"featured_media":77,"template":"","meta":{"inline_featured_image":false},"product_brand":[],"product_cat":[18],"product_tag":[],"class_list":{"0":"post-41","1":"product","2":"type-product","3":"status-publish","4":"has-post-thumbnail","6":"product_cat-antivirus","8":"first","9":"instock","10":"sale","11":"taxable","12":"shipping-taxable","13":"purchasable","14":"product-type-simple"},"_links":{"self":[{"href":"https:\/\/licencegrid.com\/pl\/wp-json\/wp\/v2\/product\/41","targetHints":{"allow":["GET"]}}],"collection":[{"href":"https:\/\/licencegrid.com\/pl\/wp-json\/wp\/v2\/product"}],"about":[{"href":"https:\/\/licencegrid.com\/pl\/wp-json\/wp\/v2\/types\/product"}],"wp:featuredmedia":[{"embeddable":true,"href":"https:\/\/licencegrid.com\/pl\/wp-json\/wp\/v2\/media\/77"}],"wp:attachment":[{"href":"https:\/\/licencegrid.com\/pl\/wp-json\/wp\/v2\/media?parent=41"}],"wp:term":[{"taxonomy":"product_brand","embeddable":true,"href":"https:\/\/licencegrid.com\/pl\/wp-json\/wp\/v2\/product_brand?post=41"},{"taxonomy":"product_cat","embeddable":true,"href":"https:\/\/licencegrid.com\/pl\/wp-json\/wp\/v2\/product_cat?post=41"},{"taxonomy":"product_tag","embeddable":true,"href":"https:\/\/licencegrid.com\/pl\/wp-json\/wp\/v2\/product_tag?post=41"}],"curies":[{"name":"wp","href":"https:\/\/api.w.org\/{rel}","templated":true}]}}