{"id":51834,"date":"2025-05-07T11:06:49","date_gmt":"2025-05-07T11:06:49","guid":{"rendered":"https:\/\/licencegrid.com\/?post_type=product&#038;p=51834"},"modified":"2025-05-07T11:12:17","modified_gmt":"2025-05-07T11:12:17","slug":"microsoft-office-2024-home-lifetime-for-1-pc-windows-and-mac","status":"publish","type":"product","link":"https:\/\/licencegrid.com\/pl\/produkt\/microsoft-office-2024-home-lifetime-for-1-pc-windows-and-mac\/","title":{"rendered":"Microsoft Office 2024 home lifetime na 1 komputer | Windows i Mac"},"content":{"rendered":"<h3 class=\"wp-block-heading\"><strong>Microsoft Office 2024 - por\u00f3wnanie licencji<\/strong><\/h3>\n\n\n\n<figure class=\"wp-block-table\"><table class=\"has-fixed-layout\"><tbody><tr><td><strong>Wydanie<\/strong><\/td><td><strong>Powi\u0105zany z kontem Microsoft?<\/strong><\/td><td><strong>Mo\u017cliwo\u015b\u0107 przeniesienia na inny komputer?<\/strong><\/td><td><strong>Wa\u017cno\u015b\u0107 \/ Subskrypcja<\/strong><\/td><td><strong>Do\u0142\u0105czone aplikacje<\/strong><\/td><\/tr><tr><td><a href=\"https:\/\/keyupmart.com\/product\/microsoft-office-2024-home-for-mac\/\">Office 2024 Home<\/a><\/td><td><img decoding=\"async\" alt=\"\u2705\" src=\"https:\/\/lh7-rt.googleusercontent.com\/docsz\/AD_4nXeeM6JqiqdRzoIVG-Eno-Bu3QNA-G9J8chlF1DZKVO9FfAtTIlmXw8GBRVoZ_AxDb8UGlTMWnFeR9t4GA84rYmPLY-mYZutLjiFQtk3symlD6CBxkxt8D_JM-9DQEZbw7YXLCC3Qw?key=ZEq9EJ2Ghj5RLTZI0cDDDw\" width=\"19\" height=\"19\"> Tak<\/td><td><img decoding=\"async\" alt=\"\u2705\" src=\"https:\/\/lh7-rt.googleusercontent.com\/docsz\/AD_4nXfnwLjrwuK6NoCMP7r-YA1qki5QXDX5uBA3W_I4cEGaQnBoMR4kZQKlPmaw5PqKwGOEqAlFvsTklLuPBYKTDOohD4ra096hCFkF5mdZmwT56U-Ed4ukprMIcCi5T6ZLCIi4T_pWZg?key=ZEq9EJ2Ghj5RLTZI0cDDDw\" width=\"19\" height=\"19\"> Tak<\/td><td>Jednorazowo \/ do\u017cywotnio<\/td><td>Word, Excel, PowerPoint, OneNote<\/td><\/tr><tr><td><a href=\"https:\/\/keyupmart.com\/product\/microsoft-office-2024-home-business-for-mac\/\">Office 2024 Home &amp; Business<\/a><\/td><td><img decoding=\"async\" alt=\"\u2705\" src=\"https:\/\/lh7-rt.googleusercontent.com\/docsz\/AD_4nXfcihwDucxfkuSPALbaklch0O5ntrtl4c_jJCjevCeCS0mPVnERKKyqdHmpK2CSUQtELnfss6LhafDEmOsUBqKLut6VnqCyv3pENmYCj7ztuK3Pf1_Ng5qG63UDhRevw2rCFkHL?key=ZEq9EJ2Ghj5RLTZI0cDDDw\" width=\"19\" height=\"19\"> Tak<\/td><td><img loading=\"lazy\" decoding=\"async\" alt=\"\u2705\" src=\"https:\/\/lh7-rt.googleusercontent.com\/docsz\/AD_4nXfBEAEB2R5P69hVuB_qDs4c0XuZZWez9Hce-dz8N7-rx_QqmwmtpR8T_NyYeG1cOj7tuZZtt1ZzGScyfUWb3nelVZqn6W8LFCo_UNErkTE_BtCneCxwrNTl83QUmmxN6DISd8nW?key=ZEq9EJ2Ghj5RLTZI0cDDDw\" width=\"19\" height=\"19\"> Tak<\/td><td>Jednorazowo \/ do\u017cywotnio<\/td><td>Word, Excel, PowerPoint, OneNote, Outlook<\/td><\/tr><tr><td>Office 2024 professional plus<a href=\"https:\/\/keyupmart.com\/product\/microsoft-office-2024-standard-ltsc-for-mac\/\"> <\/a>( okna)<\/td><td><img loading=\"lazy\" decoding=\"async\" alt=\"\u274c\" src=\"https:\/\/lh7-rt.googleusercontent.com\/docsz\/AD_4nXf0NcHBmksHfJgD9C9rKJ9s87_L2Qi7muLS-wAH5YHRD9prXaPgm5yxPhXkowuNpZ4q8f80KrnrjdIJ3PGXg3qr--4sc2BnhJY6NU84fG6WTGngKQDfEFn92338Kx_rE0ykx6BczQ?key=ZEq9EJ2Ghj5RLTZI0cDDDw\" width=\"19\" height=\"19\"> Nie<\/td><td><img loading=\"lazy\" decoding=\"async\" alt=\"\u274c\" src=\"https:\/\/lh7-rt.googleusercontent.com\/docsz\/AD_4nXfcJG6p4ZsYQCZ24TvD8IxqWE4WPyp99SDWxy6S4LIvKu01fcrBBGQe2RFud3QlmY4u0oZoR65xksgOyAfymJ6I9DU64vvmfhQcBadftP1wNTU18QG7EiYNRguVilCSFFq_pE-28g?key=ZEq9EJ2Ghj5RLTZI0cDDDw\" width=\"19\" height=\"19\"> Nie<\/td><td>Jednorazowo \/ do\u017cywotnio (pojedynczy komputer)<\/td><td>Word, Excel, PowerPoint, OneNote, Access, Outlook&nbsp;<\/td><\/tr><tr><td>Office 2024 professional plus<a href=\"https:\/\/keyupmart.com\/product\/microsoft-office-2024-standard-ltsc-for-mac\/\"> <\/a>( mac )<\/td><td><img loading=\"lazy\" decoding=\"async\" alt=\"\u274c\" src=\"https:\/\/lh7-rt.googleusercontent.com\/docsz\/AD_4nXf0NcHBmksHfJgD9C9rKJ9s87_L2Qi7muLS-wAH5YHRD9prXaPgm5yxPhXkowuNpZ4q8f80KrnrjdIJ3PGXg3qr--4sc2BnhJY6NU84fG6WTGngKQDfEFn92338Kx_rE0ykx6BczQ?key=ZEq9EJ2Ghj5RLTZI0cDDDw\" width=\"19\" height=\"19\"> Nie<\/td><td><img loading=\"lazy\" decoding=\"async\" alt=\"\u274c\" src=\"https:\/\/lh7-rt.googleusercontent.com\/docsz\/AD_4nXfcJG6p4ZsYQCZ24TvD8IxqWE4WPyp99SDWxy6S4LIvKu01fcrBBGQe2RFud3QlmY4u0oZoR65xksgOyAfymJ6I9DU64vvmfhQcBadftP1wNTU18QG7EiYNRguVilCSFFq_pE-28g?key=ZEq9EJ2Ghj5RLTZI0cDDDw\" width=\"19\" height=\"19\"> Nie<\/td><td>Jednorazowo \/ do\u017cywotnio (pojedynczy komputer)<\/td><td>Word, Excel, PowerPoint, OneNote, Microsoft Defender, Outlook&nbsp;<\/td><\/tr><\/tbody><\/table><\/figure>\n\n\n\n<h4 class=\"wp-block-heading\"><img loading=\"lazy\" decoding=\"async\" alt=\"\u2699\ufe0f\" src=\"https:\/\/lh7-rt.googleusercontent.com\/docsz\/AD_4nXeWIfOY-ixWHvXI-TFCpRtC1RHNFvpHHFglrlze8cNGG3uQuBtHoYVcbwPNU-130cORbXFBcKrnzZyAt7tgF-LmW1hpM8WRS7urZJa7BjVShqQ3KA89Ao0SwNaPbfRaUE7S_9n6oQ?key=ZEq9EJ2Ghj5RLTZI0cDDDw\" width=\"24\" height=\"24\"><strong> Szczeg\u00f3\u0142y produktu<\/strong><\/h4>\n\n\n\n<ul class=\"wp-block-list\">\n<li><strong>Kompatybilno\u015b\u0107:<\/strong> Windows 11 i Windows 10 lub macOS 13 Ventura, macOS 14 Sonoma i macOS Sequoia<\/li>\n\n\n\n<li><strong>Uwaga:<\/strong> Nie jest kompatybilny z Windows 7 lub 8. W przypadku tych system\u00f3w nale\u017cy korzysta\u0107 z pakietu Office 2016 Pro Plus.<\/li>\n\n\n\n<li><strong>Dostawa:<\/strong> Cyfrowe pobranie przez e-mail - natychmiast (w ci\u0105gu 1 minuty), wystarczy zrealizowa\u0107 kupon\u00a0<\/li>\n\n\n\n<li><strong>Aktywacja:<\/strong> Jednorazowa aktywacja - do\u017cywotni dost\u0119p dla 1 komputera PC<\/li>\n\n\n\n<li><strong>J\u0119zyki:<\/strong> Wieloj\u0119zyczny - obs\u0142ugiwane wszystkie j\u0119zyki<\/li>\n<\/ul>\n\n\n\n<p><strong>Aktualizacje:<\/strong> Sta\u0142e aktualizacje obejmuj\u0105<\/p>","protected":false},"excerpt":{"rendered":"<h4><b>Co otrzymasz<\/b><\/h4>\n<ul>\n<li style=\"font-weight: 400;\" aria-level=\"1\"><span style=\"font-weight: 400;\"> Klucz aktywacyjny<\/span><\/li>\n<li style=\"font-weight: 400;\" aria-level=\"1\"><span style=\"font-weight: 400;\"> Link do pobrania<\/span><\/li>\n<li style=\"font-weight: 400;\" aria-level=\"1\"><span style=\"font-weight: 400;\"> Pe\u0142na instrukcja instalacji<\/span><\/li>\n<\/ul>","protected":false},"featured_media":51835,"template":"","meta":{"inline_featured_image":false},"product_brand":[],"product_cat":[],"product_tag":[],"class_list":{"0":"post-51834","1":"product","2":"type-product","3":"status-publish","4":"has-post-thumbnail","7":"first","8":"instock","9":"taxable","10":"shipping-taxable","11":"purchasable","12":"product-type-simple"},"_links":{"self":[{"href":"https:\/\/licencegrid.com\/pl\/wp-json\/wp\/v2\/product\/51834","targetHints":{"allow":["GET"]}}],"collection":[{"href":"https:\/\/licencegrid.com\/pl\/wp-json\/wp\/v2\/product"}],"about":[{"href":"https:\/\/licencegrid.com\/pl\/wp-json\/wp\/v2\/types\/product"}],"wp:featuredmedia":[{"embeddable":true,"href":"https:\/\/licencegrid.com\/pl\/wp-json\/wp\/v2\/media\/51835"}],"wp:attachment":[{"href":"https:\/\/licencegrid.com\/pl\/wp-json\/wp\/v2\/media?parent=51834"}],"wp:term":[{"taxonomy":"product_brand","embeddable":true,"href":"https:\/\/licencegrid.com\/pl\/wp-json\/wp\/v2\/product_brand?post=51834"},{"taxonomy":"product_cat","embeddable":true,"href":"https:\/\/licencegrid.com\/pl\/wp-json\/wp\/v2\/product_cat?post=51834"},{"taxonomy":"product_tag","embeddable":true,"href":"https:\/\/licencegrid.com\/pl\/wp-json\/wp\/v2\/product_tag?post=51834"}],"curies":[{"name":"wp","href":"https:\/\/api.w.org\/{rel}","templated":true}]}}