{"id":51867,"date":"2025-05-07T12:54:18","date_gmt":"2025-05-07T12:54:18","guid":{"rendered":"https:\/\/licencegrid.com\/?post_type=product&#038;p=51867"},"modified":"2025-05-07T12:58:18","modified_gmt":"2025-05-07T12:58:18","slug":"microsoft-project-professional-2024","status":"publish","type":"product","link":"https:\/\/licencegrid.com\/pl\/produkt\/microsoft-project-professional-2024\/","title":{"rendered":"Microsoft Project Professional 2024"},"content":{"rendered":"<h3 style=\"text-align: center;\">Microsoft Project Professional 2024<\/h3>\n<h3><b>Microsoft Project i Visio 2024 - por\u00f3wnanie licencji<\/b><\/h3>\n<table>\n<tbody>\n<tr>\n<td>\n<p><b>Wydanie<\/b><\/p>\n<\/td>\n<td>\n<p><b>Powi\u0105zany z kontem Microsoft?<\/b><\/p>\n<\/td>\n<td>\n<p><b>Mo\u017cliwo\u015b\u0107 przeniesienia na inny komputer?<\/b><\/p>\n<\/td>\n<td>\n<p><b>Wa\u017cno\u015b\u0107 \/ Subskrypcja<\/b><\/p>\n<\/td>\n<td>\n<p><b>Mo\u017cna zrealizowa\u0107 na\u00a0<\/b><\/p>\n<p><a href=\"https:\/\/setup.office.com\/redeem\/enter-key\"><b>setup.office.com<\/b><\/a><\/p>\n<\/td>\n<\/tr>\n<tr>\n<td>\n<p><span style=\"font-weight: 400;\">Microsoft Project lub Visio 2024 Retail\u00a0<\/span><\/p>\n<\/td>\n<td>\n<p><span style=\"font-weight: 400;\"> Tak<\/span><\/p>\n<\/td>\n<td>\n<p><span style=\"font-weight: 400;\"> Tak<\/span><\/p>\n<\/td>\n<td>\n<p><span style=\"font-weight: 400;\">Jednorazowo \/ do\u017cywotnio<\/span><\/p>\n<\/td>\n<td>\n<p><span style=\"font-weight: 400;\"> Tak<\/span><\/p>\n<\/td>\n<\/tr>\n<tr>\n<td>\n<p><span style=\"font-weight: 400;\">Microsoft Project lub Visio 2024 LTSC<\/span><\/p>\n<\/td>\n<td>\n<p><span style=\"font-weight: 400;\"> Nie<\/span><\/p>\n<\/td>\n<td>\n<p><span style=\"font-weight: 400;\"> Nie<\/span><\/p>\n<\/td>\n<td>\n<p><span style=\"font-weight: 400;\">Jednorazowo \/ do\u017cywotnio<\/span><\/p>\n<\/td>\n<td>\n<p><span style=\"font-weight: 400;\"> Nie<\/span><\/p>\n<p><span style=\"font-weight: 400;\">Mo\u017cna go zrealizowa\u0107 tylko z poziomu oprogramowania<\/span><\/p>\n<\/td>\n<\/tr>\n<\/tbody>\n<\/table>\n<p>\u00a0<\/p>\n<h3><b>Visio 2024 Professional - funkcje<\/b><\/h3>\n<table class=\"table table-grid border-bottom-0 compare-chart compare-chart-3\">\n<tbody>\n<tr class=\"material-surface text-left align-top\">\n<th scope=\"row\">\n<div class=\"cc-rowheader-wrapper\">\n<div class=\"cc-rowheader\">\n<div>W pe\u0142ni zainstalowana, aktualna aplikacja komputerowa Project. Jedna licencja obejmuje jeden komputer na osob\u0119.<\/div>\n<\/div>\n<\/div>\n<\/th>\n<td class=\"align-middle\">\n<div class=\"cc-cell-content\">\n<div class=\"parsys\">\u00a0<\/div>\n<\/div>\n<\/td>\n<\/tr>\n<\/tbody>\n<\/table>\n<table class=\"table table-grid border-bottom-0 compare-chart compare-chart-3\">\n<tbody>\n<tr class=\"material-surface text-left align-top\">\n<th scope=\"row\">\n<div class=\"cc-rowheader-wrapper\">\n<div class=\"cc-rowheader\">\n<div>Zarz\u0105dzanie harmonogramami i kosztami projekt\u00f3w.<\/div>\n<\/div>\n<\/div>\n<\/th>\n<td class=\"align-middle\">\n<div class=\"parsys\">\u00a0<\/div>\n<div>\u00a0<\/div>\n<\/td>\n<\/tr>\n<\/tbody>\n<\/table>\n<table class=\"table table-grid border-bottom-0 compare-chart compare-chart-3\">\n<tbody>\n<tr class=\"material-surface text-left align-top\">\n<th scope=\"row\">\n<div class=\"cc-rowheader-wrapper\">\n<div class=\"cc-rowheader\">\n<div>Zarz\u0105dzanie zadaniami, raportami i analizami biznesowymi.<\/div>\n<\/div>\n<\/div>\n<\/th>\n<td class=\"align-middle\">\n<div class=\"cc-cell-content\">\n<div class=\"d-flex flex-column align-items-center text-center\">\n<div class=\"parsys\">\u00a0<\/div>\n<\/div>\n<\/div>\n<\/td>\n<\/tr>\n<\/tbody>\n<\/table>\n<table class=\"table table-grid border-bottom-0 compare-chart compare-chart-3\">\n<tbody>\n<tr class=\"material-surface text-left align-top\">\n<th scope=\"row\">\n<div class=\"cc-rowheader-wrapper\">\n<div class=\"cc-rowheader\">\n<div>Zarz\u0105dzanie zasobami.<\/div>\n<\/div>\n<\/div>\n<\/th>\n<td class=\"align-middle\">\u00a0<\/td>\n<\/tr>\n<\/tbody>\n<\/table>\n<table class=\"table table-grid border-bottom-0 compare-chart compare-chart-3\">\n<tbody>\n<tr class=\"material-surface text-left align-top\">\n<th scope=\"row\">\n<div class=\"cc-rowheader-wrapper\">\n<div class=\"cc-rowheader\">\n<div>Synchronizacja z Project Online i Project Server.<\/div>\n<\/div>\n<\/div>\n<\/th>\n<td class=\"align-middle\">\u00a0<\/td>\n<\/tr>\n<\/tbody>\n<\/table>\n<table class=\"table table-grid border-bottom-0 compare-chart compare-chart-3\">\n<tbody>\n<tr class=\"material-surface text-left align-top\">\n<th scope=\"row\">\n<div class=\"cc-rowheader-wrapper\">\n<div class=\"cc-rowheader\">\n<div>Przesy\u0142anie kart czasu pracy w celu rejestrowania czasu sp\u0119dzonego na projektach i poza nimi na potrzeby listy p\u0142ac, fakturowania i innych cel\u00f3w biznesowych.<\/div>\n<\/div>\n<\/div>\n<\/th>\n<td class=\"align-middle\">\u00a0<\/td>\n<\/tr>\n<\/tbody>\n<\/table>\n<p><b>Wi\u0119cej informacji mo\u017cna znale\u017a\u0107 na stronie Microsoft <\/b><a href=\"https:\/\/www.microsoft.com\/en-gb\/microsoft-365\/planner\/microsoft-planner-plans-and-pricing#x8223045b239541399a415cdf06bdb191\"><b>oficjalne wytyczne<\/b><\/a><\/p>\n<h4><b>\u26a0\ufe0f Wa\u017cne:<\/b><\/h4>\n<ul>\n<li aria-level=\"1\"><b>Jest to produkt cyfrowy - \u017caden fizyczny przedmiot nie zostanie wys\u0142any.<\/b><\/li>\n<\/ul>\n\n\n<p><\/p>","protected":false},"excerpt":{"rendered":"<h3><b>Co wchodzi w sk\u0142ad zestawu?<\/b><\/h3>\n<ul>\n<li aria-level=\"1\"><b>Natychmiastowe dostarczenie licencji poczt\u0105 elektroniczn\u0105<\/b><\/li>\n<\/ul>\n<ul>\n<li aria-level=\"1\"><b>Instrukcje aktywacji krok po kroku<\/b><\/li>\n<\/ul>\n<ul>\n<li aria-level=\"1\"><b>24-godzinna przyjazna obs\u0142uga klienta w razie potrzeby<\/b><\/li>\n<\/ul>\n<ul>\n<li aria-level=\"1\"><b>Brak subskrypcji - tylko jednorazowa p\u0142atno\u015b\u0107<\/b><\/li>\n<\/ul>\n<p>&nbsp;<\/p>","protected":false},"featured_media":51871,"template":"","meta":{"inline_featured_image":false},"product_brand":[],"product_cat":[17],"product_tag":[],"class_list":{"0":"post-51867","1":"product","2":"type-product","3":"status-publish","4":"has-post-thumbnail","6":"product_cat-microsoft-office","8":"first","9":"instock","10":"taxable","11":"shipping-taxable","12":"purchasable","13":"product-type-variable"},"_links":{"self":[{"href":"https:\/\/licencegrid.com\/pl\/wp-json\/wp\/v2\/product\/51867","targetHints":{"allow":["GET"]}}],"collection":[{"href":"https:\/\/licencegrid.com\/pl\/wp-json\/wp\/v2\/product"}],"about":[{"href":"https:\/\/licencegrid.com\/pl\/wp-json\/wp\/v2\/types\/product"}],"wp:featuredmedia":[{"embeddable":true,"href":"https:\/\/licencegrid.com\/pl\/wp-json\/wp\/v2\/media\/51871"}],"wp:attachment":[{"href":"https:\/\/licencegrid.com\/pl\/wp-json\/wp\/v2\/media?parent=51867"}],"wp:term":[{"taxonomy":"product_brand","embeddable":true,"href":"https:\/\/licencegrid.com\/pl\/wp-json\/wp\/v2\/product_brand?post=51867"},{"taxonomy":"product_cat","embeddable":true,"href":"https:\/\/licencegrid.com\/pl\/wp-json\/wp\/v2\/product_cat?post=51867"},{"taxonomy":"product_tag","embeddable":true,"href":"https:\/\/licencegrid.com\/pl\/wp-json\/wp\/v2\/product_tag?post=51867"}],"curies":[{"name":"wp","href":"https:\/\/api.w.org\/{rel}","templated":true}]}}