{"id":51872,"date":"2025-05-07T13:11:31","date_gmt":"2025-05-07T13:11:31","guid":{"rendered":"https:\/\/licencegrid.com\/?post_type=product&#038;p=51872"},"modified":"2025-05-07T13:13:27","modified_gmt":"2025-05-07T13:13:27","slug":"autocad-2025-3-year-subscription-multi-device-access-license-linked-to-your-email","status":"publish","type":"product","link":"https:\/\/licencegrid.com\/pl\/produkt\/autocad-2025-3-year-subscription-multi-device-access-license-linked-to-your-email\/","title":{"rendered":"AutoCAD 2025 - 3-letnia subskrypcja | Dost\u0119p do wielu urz\u0105dze\u0144 | Licencja powi\u0105zana z Twoim adresem e-mail"},"content":{"rendered":"<h3 class=\"wp-block-heading\"><strong>AutoCAD 2025 - 3-letnia subskrypcja (zaproszenie e-mail - dost\u0119p na wiele urz\u0105dze\u0144)<\/strong><\/h3>\n\n\n\n<p>Odblokuj pe\u0142n\u0105 moc <strong>AutoCAD 2025<\/strong> z naszym <strong>3-letni oficjalny plan subskrypcji<\/strong> - dostarczane bezpo\u015brednio na adres e-mail za po\u015brednictwem zaproszenia. Idealny dla profesjonalist\u00f3w, student\u00f3w, architekt\u00f3w i in\u017cynier\u00f3w, kt\u00f3rzy chc\u0105 <strong>niezawodne i d\u0142ugoterminowe rozwi\u0105zanie CAD<\/strong>.<\/p>\n\n\n\n<hr class=\"wp-block-separator has-alpha-channel-opacity\"\/>\n\n\n\n<h4 class=\"wp-block-heading\">\u2705 <strong>Co otrzymasz:<\/strong><\/h4>\n\n\n\n<ul class=\"wp-block-list\">\n<li><strong>Oficjalna 3-letnia licencja AutoCAD<\/strong> - Dostarczone na adres e-mail<\/li>\n\n\n\n<li><strong>Dost\u0119p prywatny za po\u015brednictwem zaproszenia e-mail<\/strong> (Brak kont wsp\u00f3\u0142dzielonych)<\/li>\n\n\n\n<li><strong>Korzystanie z wielu urz\u0105dze\u0144<\/strong> - Aktywacja na wielu urz\u0105dzeniach jednocze\u015bnie<\/li>\n\n\n\n<li><strong>Pe\u0142ne funkcje AutoCAD 2025<\/strong> - Obejmuje projektowanie 2D\/3D, narz\u0119dzia do tworzenia dokumentacji i nie tylko<\/li>\n\n\n\n<li>Kompatybilny z <strong>Windows i macOS<\/strong><\/li>\n\n\n\n<li>Bezpo\u015brednio z oficjalnej platformy Autodesk<\/li>\n\n\n\n<li>Bezpieczny, prywatny i w pe\u0142ni funkcjonalny<\/li>\n<\/ul>\n\n\n\n<hr class=\"wp-block-separator has-alpha-channel-opacity\"\/>\n\n\n\n<h4 class=\"wp-block-heading\">\u2705<strong>Jak to dzia\u0142a?<\/strong><\/h4>\n\n\n\n<ol class=\"wp-block-list\">\n<li>Po zakupie wy\u015blij nam sw\u00f3j adres e-mail.<\/li>\n\n\n\n<li>Zaprosimy Ci\u0119 bezpo\u015brednio do uzyskania dost\u0119pu do licencji AutoCAD.<\/li>\n\n\n\n<li>Zaakceptuj zaproszenie i zacznij korzysta\u0107 z AutoCAD na swoich urz\u0105dzeniach.<\/li>\n\n\n\n<li>Ciesz si\u0119 <strong>3 pe\u0142ne lata nieprzerwanego dost\u0119pu<\/strong> - Bez miesi\u0119cznych op\u0142at, bez okresu pr\u00f3bnego.<\/li>\n<\/ol>\n\n\n\n<hr class=\"wp-block-separator has-alpha-channel-opacity\"\/>\n\n\n\n<h4 class=\"wp-block-heading\">Idealny dla:<\/h4>\n\n\n\n<ul class=\"wp-block-list\">\n<li>Architekci i in\u017cynierowie<\/li>\n\n\n\n<li>Projektanci wn\u0119trz<\/li>\n\n\n\n<li>Projektanci produkt\u00f3w<\/li>\n\n\n\n<li>Uczniowie i nauczyciele<\/li>\n\n\n\n<li>Specjalista ds. budownictwa<\/li>\n<\/ul>\n\n\n\n<p>\u26a0\ufe0f <strong>Oferta ograniczona czasowo<\/strong> - Skorzystaj z naszych specjalnych cen i ciesz si\u0119 profesjonalnym do\u015bwiadczeniem AutoCAD przez 3 pe\u0142ne lata.<\/p>","protected":false},"excerpt":{"rendered":"<p>\u2714\ufe0f100% Oryginalna wersja bez cracka \u2714\ufe0fRuns Na komputery PC i Mac z systemem Windows \u2714\ufe0fDownload Produkt(y) z oficjalnej strony Autodesk \u2714\ufe0f Mo\u017ce by\u0107 u\u017cywany na wielu urz\u0105dzeniach \u2714\ufe0f Dodamy Tw\u00f3j adres e-mail do systemu i otrzymasz zaproszenie do uzyskania dost\u0119pu do licencji.<\/p>","protected":false},"featured_media":51875,"template":"","meta":{"inline_featured_image":false},"product_brand":[],"product_cat":[30],"product_tag":[],"class_list":{"0":"post-51872","1":"product","2":"type-product","3":"status-publish","4":"has-post-thumbnail","6":"product_cat-autodesk","8":"first","9":"instock","10":"taxable","11":"shipping-taxable","12":"purchasable","13":"product-type-simple"},"_links":{"self":[{"href":"https:\/\/licencegrid.com\/pl\/wp-json\/wp\/v2\/product\/51872","targetHints":{"allow":["GET"]}}],"collection":[{"href":"https:\/\/licencegrid.com\/pl\/wp-json\/wp\/v2\/product"}],"about":[{"href":"https:\/\/licencegrid.com\/pl\/wp-json\/wp\/v2\/types\/product"}],"wp:featuredmedia":[{"embeddable":true,"href":"https:\/\/licencegrid.com\/pl\/wp-json\/wp\/v2\/media\/51875"}],"wp:attachment":[{"href":"https:\/\/licencegrid.com\/pl\/wp-json\/wp\/v2\/media?parent=51872"}],"wp:term":[{"taxonomy":"product_brand","embeddable":true,"href":"https:\/\/licencegrid.com\/pl\/wp-json\/wp\/v2\/product_brand?post=51872"},{"taxonomy":"product_cat","embeddable":true,"href":"https:\/\/licencegrid.com\/pl\/wp-json\/wp\/v2\/product_cat?post=51872"},{"taxonomy":"product_tag","embeddable":true,"href":"https:\/\/licencegrid.com\/pl\/wp-json\/wp\/v2\/product_tag?post=51872"}],"curies":[{"name":"wp","href":"https:\/\/api.w.org\/{rel}","templated":true}]}}