{"id":51893,"date":"2025-05-09T15:46:43","date_gmt":"2025-05-09T15:46:43","guid":{"rendered":"https:\/\/licencegrid.com\/?post_type=product&#038;p=51893"},"modified":"2025-05-09T15:47:11","modified_gmt":"2025-05-09T15:47:11","slug":"microsoft-windows-server-2019-2025-standard-datacenter-editions","status":"publish","type":"product","link":"https:\/\/licencegrid.com\/pl\/produkt\/microsoft-windows-server-2019-2025-standard-datacenter-editions\/","title":{"rendered":"Microsoft Windows Server 2019-2025 | Edycje Standard i Datacenter\u00a0"},"content":{"rendered":"<h4 class=\"wp-block-heading\"><\/h4>\n\n\n\n<p><\/p>\n\n\n\n<h4 class=\"wp-block-heading\">Standard a centrum danych - kluczowe r\u00f3\u017cnice<\/h4>\n\n\n\n<figure class=\"wp-block-table\"><table class=\"has-fixed-layout\"><thead><tr><th>Cecha<\/th><th>Standard<\/th><th>Centrum danych<\/th><\/tr><\/thead><tbody><tr><td>Koszt<\/td><td>Ni\u017cszy - do ma\u0142ych\/\u015brednich zastosowa\u0144<\/td><td>Wy\u017cszy - stworzony do skalowania<\/td><\/tr><tr><td>Wirtualizacja<\/td><td>2 maszyny wirtualne na serwer<\/td><td>Nieograniczona liczba maszyn wirtualnych<\/td><\/tr><tr><td>Ekranowane maszyny wirtualne<\/td><td>Brak w zestawie<\/td><td>W zestawie<\/td><\/tr><tr><td>Replika pami\u0119ci masowej<\/td><td>Limited (1 partner, 2 TB)<\/td><td>Bez ogranicze\u0144<\/td><\/tr><tr><td>SDN \/ S2D<\/td><td>Niedost\u0119pne<\/td><td>W zestawie<\/td><\/tr><tr><td>Licencjonowanie<\/td><td>Oparte na rdzeniu (min. 16)<\/td><td>Oparte na rdzeniu (min. 16)<\/td><\/tr><\/tbody><\/table><\/figure>\n\n\n\n<h4 class=\"wp-block-heading\">\u26a0\ufe0f Zawiadomienie o zgodno\u015bci licencyjnej<\/h4>\n\n\n\n<p>Chocia\u017c technicznie mo\u017cna zainstalowa\u0107 wi\u0119cej ni\u017c 2 maszyny wirtualne z edycj\u0105 Standard lub aktywowa\u0107 licencj\u0119 na serwerze z wi\u0119cej ni\u017c 16 rdzeniami, nale\u017cy to zrobi\u0107. <strong>narusza oficjalne warunki licencyjne firmy Microsoft<\/strong>.<\/p>\n\n\n\n<p>Na przyk\u0142ad, je\u015bli serwer ma <strong>32 fizyczne rdzenie<\/strong> i kupujesz tylko <strong>Licencja na 16 rdzeni<\/strong>system zostanie pomy\u015blnie zainstalowany i aktywowany. Jednak\u017ce, <strong>nie masz licencji na legalne uruchamianie systemu Windows Server w tej konfiguracji<\/strong>. Microsoft wymaga licencjonowania wszystkich fizycznych rdzeni na serwerze, co najmniej 16 rdzeni na serwer i 8 rdzeni na procesor.<\/p>\n\n\n\n<p>W przypadku audytu Microsoft mo\u017ce uzna\u0107 to za <strong>niedostateczne licencjonowanie<\/strong> i na\u0142o\u017cy\u0107 kary finansowe, za\u017c\u0105da\u0107 zwrotu p\u0142atno\u015bci lub wymaga\u0107 odpowiedniej licencji, aby pokry\u0107 pe\u0142n\u0105 pojemno\u015b\u0107 sprz\u0119tow\u0105 serwera.<\/p>\n\n\n\n<p>Aby zachowa\u0107 zgodno\u015b\u0107 z przepisami i unikn\u0105\u0107 ryzyka prawnego lub finansowego, nale\u017cy zawsze upewni\u0107 si\u0119, \u017ce liczba zakupionych licencji na rdze\u0144 jest zgodna z fizyczn\u0105 konfiguracj\u0105 serwera.<\/p>","protected":false},"excerpt":{"rendered":"<p>Standard vs. Datacenter \u2013 Key Differences Feature Standard Datacenter Cost Lower \u2013 for small\/medium use Higher \u2013 built for scaling Virtualization 2 VMs per server Unlimited VMs \ufe0f Shielded VMs \u274c Not included \u2705 Included Storage Replica Limited (1 partner, 2TB) Unlimited SDN \/ S2D \u274c Not available \u2705 Included Licensing Core-based (min. 16) Core-based [&hellip;]<\/p>","protected":false},"featured_media":51897,"template":"","meta":{"inline_featured_image":false},"product_brand":[],"product_cat":[20],"product_tag":[],"class_list":{"0":"post-51893","1":"product","2":"type-product","3":"status-publish","4":"has-post-thumbnail","6":"product_cat-server","8":"first","9":"instock","10":"taxable","11":"shipping-taxable","12":"purchasable","13":"product-type-variable"},"_links":{"self":[{"href":"https:\/\/licencegrid.com\/pl\/wp-json\/wp\/v2\/product\/51893","targetHints":{"allow":["GET"]}}],"collection":[{"href":"https:\/\/licencegrid.com\/pl\/wp-json\/wp\/v2\/product"}],"about":[{"href":"https:\/\/licencegrid.com\/pl\/wp-json\/wp\/v2\/types\/product"}],"wp:featuredmedia":[{"embeddable":true,"href":"https:\/\/licencegrid.com\/pl\/wp-json\/wp\/v2\/media\/51897"}],"wp:attachment":[{"href":"https:\/\/licencegrid.com\/pl\/wp-json\/wp\/v2\/media?parent=51893"}],"wp:term":[{"taxonomy":"product_brand","embeddable":true,"href":"https:\/\/licencegrid.com\/pl\/wp-json\/wp\/v2\/product_brand?post=51893"},{"taxonomy":"product_cat","embeddable":true,"href":"https:\/\/licencegrid.com\/pl\/wp-json\/wp\/v2\/product_cat?post=51893"},{"taxonomy":"product_tag","embeddable":true,"href":"https:\/\/licencegrid.com\/pl\/wp-json\/wp\/v2\/product_tag?post=51893"}],"curies":[{"name":"wp","href":"https:\/\/api.w.org\/{rel}","templated":true}]}}