{"id":51898,"date":"2025-05-09T15:54:51","date_gmt":"2025-05-09T15:54:51","guid":{"rendered":"https:\/\/licencegrid.com\/?post_type=product&#038;p=51898"},"modified":"2025-05-09T16:01:14","modified_gmt":"2025-05-09T16:01:14","slug":"microsoft-windows-server-rds-50-cals","status":"publish","type":"product","link":"https:\/\/licencegrid.com\/pl\/produkt\/microsoft-windows-server-rds-50-cals\/","title":{"rendered":"Microsoft Windows Server RDS 50 licencji CAL"},"content":{"rendered":"<h4 class=\"wp-block-heading\"><\/h4>\n\n\n\n<p><\/p>\n\n\n\n<h4 class=\"wp-block-heading\"><strong><em>Different between User and Device CALs<\/em><\/strong><br><\/h4>\n\n\n\n<figure class=\"wp-block-table\"><table class=\"has-fixed-layout\"><thead><tr><td><strong>Type<\/strong><\/td><td><strong>Description<\/strong><\/td><\/tr><\/thead><tbody><tr><td><strong>User CAL<\/strong><\/td><td>One license per&nbsp;<strong>user<\/strong>. The licensed user can access the server from multiple devices.<br>Best for employees who use several devices (e.g., laptop, desktop, tablet).<\/td><\/tr><tr><td><strong>Device CAL<\/strong><\/td><td>One license per&nbsp;<strong>device<\/strong>. Any number of users can access the server from the licensed device.<br>Ideal for shared devices (e.g., in labs, libraries, or rotating shift work).<\/td><\/tr><\/tbody><\/table><\/figure>\n\n\n\n<p><\/p>\n\n\n\n<h4 class=\"wp-block-heading\">\u26a0\ufe0f Zawiadomienie o zgodno\u015bci licencyjnej<\/h4>\n\n\n\n<p>Chocia\u017c technicznie mo\u017cna zainstalowa\u0107 wi\u0119cej ni\u017c 2 maszyny wirtualne z edycj\u0105 Standard lub aktywowa\u0107 licencj\u0119 na serwerze z wi\u0119cej ni\u017c 16 rdzeniami, nale\u017cy to zrobi\u0107. <strong>narusza oficjalne warunki licencyjne firmy Microsoft<\/strong>.<\/p>\n\n\n\n<p>Na przyk\u0142ad, je\u015bli serwer ma <strong>32 fizyczne rdzenie<\/strong> i kupujesz tylko <strong>Licencja na 16 rdzeni<\/strong>system zostanie pomy\u015blnie zainstalowany i aktywowany. Jednak\u017ce, <strong>nie masz licencji na legalne uruchamianie systemu Windows Server w tej konfiguracji<\/strong>. Microsoft wymaga licencjonowania wszystkich fizycznych rdzeni na serwerze, co najmniej 16 rdzeni na serwer i 8 rdzeni na procesor.<\/p>\n\n\n\n<p>W przypadku audytu Microsoft mo\u017ce uzna\u0107 to za <strong>niedostateczne licencjonowanie<\/strong> i na\u0142o\u017cy\u0107 kary finansowe, za\u017c\u0105da\u0107 zwrotu p\u0142atno\u015bci lub wymaga\u0107 odpowiedniej licencji, aby pokry\u0107 pe\u0142n\u0105 pojemno\u015b\u0107 sprz\u0119tow\u0105 serwera.<\/p>\n\n\n\n<p>Aby zachowa\u0107 zgodno\u015b\u0107 z przepisami i unikn\u0105\u0107 ryzyka prawnego lub finansowego, nale\u017cy zawsze upewni\u0107 si\u0119, \u017ce liczba zakupionych licencji na rdze\u0144 jest zgodna z fizyczn\u0105 konfiguracj\u0105 serwera.<\/p>\n\n\n\n<p><strong><em>\u2705CALs Required Requires: Client Access Licenses (CALs) for users or devices accessing the server and you can buy them separately<\/em><\/strong><\/p>\n\n\n\n<p><\/p>","protected":false},"excerpt":{"rendered":"<p>Different between User and Device CALs Type Description User CAL One license per&nbsp;user. The licensed user can access the server from multiple devices.Best for employees who use several devices (e.g., laptop, desktop, tablet). Device CAL One license per&nbsp;device. Any number of users can access the server from the licensed device.Ideal for shared devices (e.g., in [&hellip;]<\/p>","protected":false},"featured_media":51897,"template":"","meta":{"inline_featured_image":false},"product_brand":[],"product_cat":[20],"product_tag":[],"class_list":{"0":"post-51898","1":"product","2":"type-product","3":"status-publish","4":"has-post-thumbnail","6":"product_cat-server","8":"first","9":"instock","10":"taxable","11":"shipping-taxable","12":"purchasable","13":"product-type-variable"},"_links":{"self":[{"href":"https:\/\/licencegrid.com\/pl\/wp-json\/wp\/v2\/product\/51898","targetHints":{"allow":["GET"]}}],"collection":[{"href":"https:\/\/licencegrid.com\/pl\/wp-json\/wp\/v2\/product"}],"about":[{"href":"https:\/\/licencegrid.com\/pl\/wp-json\/wp\/v2\/types\/product"}],"wp:featuredmedia":[{"embeddable":true,"href":"https:\/\/licencegrid.com\/pl\/wp-json\/wp\/v2\/media\/51897"}],"wp:attachment":[{"href":"https:\/\/licencegrid.com\/pl\/wp-json\/wp\/v2\/media?parent=51898"}],"wp:term":[{"taxonomy":"product_brand","embeddable":true,"href":"https:\/\/licencegrid.com\/pl\/wp-json\/wp\/v2\/product_brand?post=51898"},{"taxonomy":"product_cat","embeddable":true,"href":"https:\/\/licencegrid.com\/pl\/wp-json\/wp\/v2\/product_cat?post=51898"},{"taxonomy":"product_tag","embeddable":true,"href":"https:\/\/licencegrid.com\/pl\/wp-json\/wp\/v2\/product_tag?post=51898"}],"curies":[{"name":"wp","href":"https:\/\/api.w.org\/{rel}","templated":true}]}}