{"id":51907,"date":"2025-05-19T23:25:05","date_gmt":"2025-05-19T23:25:05","guid":{"rendered":"https:\/\/licencegrid.com\/?post_type=product&#038;p=51907"},"modified":"2025-05-19T23:27:10","modified_gmt":"2025-05-19T23:27:10","slug":"microsoft-office-365-pro-plus-1-or-3-year-subscription-1-user-5-devices-per-user-pc-mac-mobile-100gb-cloud-storage","status":"publish","type":"product","link":"https:\/\/licencegrid.com\/pl\/produkt\/microsoft-office-365-pro-plus-1-or-3-year-subscription-1-user-5-devices-per-user-pc-mac-mobile-100gb-cloud-storage\/","title":{"rendered":"Microsoft Office 365 Pro Plus - 1- lub 3-letnia subskrypcja| 1 u\u017cytkownik | 5 urz\u0105dze\u0144 na u\u017cytkownika | PC, Mac i urz\u0105dzenia mobilne | 100 GB przestrzeni dyskowej w chmurze"},"content":{"rendered":"<p><\/p>\n\n\n\n<h4 class=\"wp-block-heading\"><strong>Wa\u017cne informacje<\/strong><\/h4>\n\n\n\n<p><\/p>\n\n\n\n<p>Otrzymasz&nbsp;<strong>unikalny, nowy adres e-mail i has\u0142o do platformy Microsoft 365<\/strong>.<\/p>\n\n\n\n<p><strong>Nie mo\u017cna zmieni\u0107 adresu e-mail<\/strong>ale ty&nbsp;<strong>mo\u017ce zmieni\u0107 has\u0142o<\/strong>.<\/p>\n\n\n\n<p>Konta te s\u0105&nbsp;<strong>nowo wygenerowane bezpo\u015brednio przez Microsoft<\/strong>&nbsp;i sprzedane na klienta-<strong>Nie odsprzedajemy kont<\/strong>.<\/p>\n\n\n\n<p><\/p>\n\n\n\n<h3 class=\"wp-block-heading\"><strong>Co wchodzi w sk\u0142ad zestawu?<\/strong><\/h3>\n\n\n\n<p>\u2714\u00a0<strong>Zupe\u0142nie nowe konto Microsoft 365<\/strong>\u00a0- Unikalne dane logowania<br><br>\u2714\u00a0<strong>Pe\u0142ne aplikacje desktopowe<\/strong>\u00a0- Word, Excel, PowerPoint, Outlook, OneNote, Publisher, Access, Skype<br><br>\u2714\u00a0<strong>100 GB przestrzeni dyskowej w chmurze OneDrive<\/strong>\u00a0- Bezpieczne przechowywanie i dost\u0119p do plik\u00f3w<br><br>\u2714\u00a0<strong>Korzystanie online lub offline<\/strong>\u00a0- Praca w dowolnym miejscu i czasie<br><br>\u2714\u00a0<strong>Instalacja na maksymalnie 5 urz\u0105dzeniach<\/strong>\u00a0- Kompatybilny z komputerami PC, Mac, iOS, Android, tabletami i telefonami<br><br>\u2714\u00a0<strong>Automatyczne aktualizacje<\/strong>\u00a0- B\u0105d\u017a zawsze na bie\u017c\u0105co z najnowszymi funkcjami<br><br>\u2714\u00a0<strong>Obs\u0142uga wielu j\u0119zyk\u00f3w<\/strong>\u00a0- Mo\u017cliwo\u015b\u0107 korzystania na ca\u0142ym \u015bwiecie w wielu j\u0119zykach<br><br>\u2714\u00a0<strong>Natychmiastowe cyfrowe dostarczanie wiadomo\u015bci e-mail<\/strong>\u00a0- Natychmiastowe rozpocz\u0119cie korzystania z konta<br><\/p>\n\n\n\n<h3 class=\"wp-block-heading\"><strong>Odblokuj swoj\u0105 produktywno\u015b\u0107 dzi\u0119ki Microsoft Office 365 Pro Plus<\/strong><\/h3>\n\n\n\n<p>Skorzystaj z najpot\u0119\u017cniejszego na \u015bwiecie pakietu narz\u0119dzi biurowych dzi\u0119ki\u00a0<strong>Konto Microsoft Office 365 Pro Plus<\/strong>. Niezale\u017cnie od tego, czy jeste\u015b studentem, profesjonalist\u0105, przedsi\u0119biorc\u0105, czy potrzebujesz narz\u0119dzi zwi\u0119kszaj\u0105cych produktywno\u015b\u0107 do u\u017cytku osobistego<br><\/p>\n\n\n\n<h4 class=\"wp-block-heading\"><strong>Dlaczego warto wybra\u0107 Microsoft Office 365 Pro Plus?<\/strong><\/h4>\n\n\n\n<p><br>\u2705\u00a0<strong>Pe\u0142ny pakiet aplikacji Microsoft<\/strong>\u00a0- Tw\u00f3rz, edytuj i wsp\u00f3\u0142pracuj z\u00a0<strong>Word, Excel, PowerPoint, Outlook, OneNote, Access i inne.<\/strong>.<br><br>\u2705\u00a0<strong>Bezproblemowa kompatybilno\u015b\u0107<\/strong>\u00a0- Dzia\u0142a w r\u00f3\u017cnych obszarach\u00a0<strong>Windows, Mac, iOS i Android<\/strong>.<br><br>\u2705\u00a0<strong>100 GB przestrzeni dyskowej w us\u0142udze OneDrive<\/strong>\u00a0- Bezpieczne przechowywanie danych w chmurze dla \u0142atwego dost\u0119pu i udost\u0119pniania plik\u00f3w.<br><br>\u2705\u00a0<strong>Regularne aktualizacje<\/strong>\u00a0- B\u0105d\u017a na bie\u017c\u0105co z najnowszymi funkcjami i ulepszeniami zabezpiecze\u0144.<br><br>\u2705\u00a0<strong>\u0141atwa konfiguracja<\/strong>\u00a0- Szybka instalacja z instrukcjami krok po kroku.<\/p>\n\n\n\n<h3 class=\"wp-block-heading\"><strong>Dla kogo to jest?<\/strong><\/h3>\n\n\n\n<p>\u2714&nbsp;<strong>Uczniowie i nauczyciele<\/strong>&nbsp;- Uzyskaj najlepsze narz\u0119dzia do nauki i nauczania.<br><br>\u2714&nbsp;<strong>Profesjonali\u015bci i firmy<\/strong>&nbsp;- Zwi\u0119ksz produktywno\u015b\u0107 i usprawnij procesy robocze.<br><br>\u2714&nbsp;<strong>Przedsi\u0119biorcy i freelancerzy<\/strong>&nbsp;- Zarz\u0105dzaj projektami, tw\u00f3rz raporty i b\u0105d\u017a zorganizowany.<br><br>\u2714&nbsp;<strong>Rodziny i u\u017cytek osobisty<\/strong>&nbsp;- Dost\u0119p do najwy\u017cszej jako\u015bci aplikacji Office do codziennych zada\u0144.<\/p>\n\n\n\n<h3 class=\"wp-block-heading\"><strong>Po co czeka\u0107, zacznij ju\u017c dzi\u015b!<\/strong><\/h3>\n\n\n\n<p><\/p>\n\n\n\n<p>\ud83d\ude80&nbsp;<strong>Zam\u00f3w teraz i zacznij pracowa\u0107 m\u0105drzej, a nie ci\u0119\u017cej!<\/strong><\/p>","protected":false},"excerpt":{"rendered":"<p>Important Information You will receive a&nbsp;unique, brand-new Microsoft 365 email and password. Email cannot be changed, but you&nbsp;can change the password. These accounts are&nbsp;newly generated directly via Microsoft&nbsp;and sold per customer\u2014we do not resell accounts. What\u2019s Included? \u2714\u00a0Brand New Microsoft 365 Account\u00a0\u2013 Unique login credentials \u2714\u00a0Full Desktop Applications\u00a0\u2013 Word, Excel, PowerPoint, Outlook, OneNote, Publisher, Access, [&hellip;]<\/p>","protected":false},"featured_media":51912,"template":"","meta":{"inline_featured_image":false},"product_brand":[],"product_cat":[17],"product_tag":[],"class_list":{"0":"post-51907","1":"product","2":"type-product","3":"status-publish","4":"has-post-thumbnail","6":"product_cat-microsoft-office","8":"first","9":"instock","10":"taxable","11":"shipping-taxable","12":"purchasable","13":"product-type-variable"},"_links":{"self":[{"href":"https:\/\/licencegrid.com\/pl\/wp-json\/wp\/v2\/product\/51907","targetHints":{"allow":["GET"]}}],"collection":[{"href":"https:\/\/licencegrid.com\/pl\/wp-json\/wp\/v2\/product"}],"about":[{"href":"https:\/\/licencegrid.com\/pl\/wp-json\/wp\/v2\/types\/product"}],"wp:featuredmedia":[{"embeddable":true,"href":"https:\/\/licencegrid.com\/pl\/wp-json\/wp\/v2\/media\/51912"}],"wp:attachment":[{"href":"https:\/\/licencegrid.com\/pl\/wp-json\/wp\/v2\/media?parent=51907"}],"wp:term":[{"taxonomy":"product_brand","embeddable":true,"href":"https:\/\/licencegrid.com\/pl\/wp-json\/wp\/v2\/product_brand?post=51907"},{"taxonomy":"product_cat","embeddable":true,"href":"https:\/\/licencegrid.com\/pl\/wp-json\/wp\/v2\/product_cat?post=51907"},{"taxonomy":"product_tag","embeddable":true,"href":"https:\/\/licencegrid.com\/pl\/wp-json\/wp\/v2\/product_tag?post=51907"}],"curies":[{"name":"wp","href":"https:\/\/api.w.org\/{rel}","templated":true}]}}