{"id":51918,"date":"2025-05-19T23:43:19","date_gmt":"2025-05-19T23:43:19","guid":{"rendered":"https:\/\/licencegrid.com\/?post_type=product&#038;p=51918"},"modified":"2025-05-27T10:50:19","modified_gmt":"2025-05-27T10:50:19","slug":"microsoft-office-365-personal-1-year-subscription-1-user-5-device-per-user-pc-mac-mobile-1tb-cloud-storage-2","status":"publish","type":"product","link":"https:\/\/licencegrid.com\/pl\/produkt\/microsoft-office-365-personal-1-year-subscription-1-user-5-device-per-user-pc-mac-mobile-1tb-cloud-storage-2\/","title":{"rendered":"Microsoft Office 365 Personal - subskrypcja na 1 rok | 1 u\u017cytkownik | 5 urz\u0105dze\u0144 na u\u017cytkownika | PC, Mac i urz\u0105dzenia mobilne | 1 TB przestrzeni dyskowej w chmurze"},"content":{"rendered":"<p><\/p>\n\n\n\n<h4 class=\"wp-block-heading\">Poznaj jeszcze wi\u0119cej korzy\u015bci z platformy Microsoft 365<\/h4>\n\n\n\n<figure class=\"wp-block-image\"><img decoding=\"async\" src=\"https:\/\/cdn-dynmedia-1.microsoft.com\/is\/image\/microsoftcorp\/Defender-CC-H-111x111-1?fmt=png-alpha&amp;wid=111&amp;hei=111&amp;fit=crop\" alt=\"\"\/><\/figure>\n\n\n\n<h3 class=\"wp-block-heading\">Upro\u015b\u0107 swoje bezpiecze\u0144stwo online<\/h3>\n\n\n\n<p>Zapewnij bezpiecze\u0144stwo sobie i swojej rodzinie w Internecie dzi\u0119ki ci\u0105g\u0142emu monitorowaniu zagro\u017ce\u0144, alertom w czasie rzeczywistym, wskaz\u00f3wkom i poradom ekspert\u00f3w z Microsoft Defender.<\/p>\n\n\n\n<figure class=\"wp-block-image\"><img decoding=\"async\" src=\"https:\/\/cdn-dynmedia-1.microsoft.com\/is\/image\/microsoftcorp\/Icon-M365-Office-Mobile-App-logo-111x111-1?fmt=png-alpha&amp;wid=111&amp;hei=111&amp;fit=crop\" alt=\"\"\/><\/figure>\n\n\n\n<h3 class=\"wp-block-heading\">Wydajne aplikacje zwi\u0119kszaj\u0105ce produktywno\u015b\u0107 ze sztuczn\u0105 inteligencj\u0105<\/h3>\n\n\n\n<p>Korzystaj z program\u00f3w Word, Excel i PowerPoint, aby wsp\u00f3\u0142pracowa\u0107 w czasie rzeczywistym lub pracowa\u0107 offline, teraz z Microsoft Copilot.<sup>Przypis1<\/sup><\/p>\n\n\n\n<figure class=\"wp-block-image\"><img decoding=\"async\" src=\"https:\/\/cdn-dynmedia-1.microsoft.com\/is\/image\/microsoftcorp\/Icon-OneDrive-111x111?fmt=png-alpha&amp;wid=111&amp;hei=111&amp;fit=crop\" alt=\"\"\/><\/figure>\n\n\n\n<h3 class=\"wp-block-heading\">Zaufane miejsce do przechowywania bezcennych wspomnie\u0144<\/h3>\n\n\n\n<p>Szybko zapisuj, udost\u0119pniaj i edytuj swoje zdj\u0119cia i pliki za pomoc\u0105 OneDrive i Microsoft 365.<\/p>\n\n\n\n<figure class=\"wp-block-image\"><img decoding=\"async\" src=\"https:\/\/cdn-dynmedia-1.microsoft.com\/is\/image\/microsoftcorp\/Icon-Outlook-111x111?fmt=png-alpha&amp;wid=111&amp;hei=111&amp;fit=crop\" alt=\"\"\/><\/figure>\n\n\n\n<h3 class=\"wp-block-heading\">Wykorzystaj w pe\u0142ni sw\u00f3j dzie\u0144<\/h3>\n\n\n\n<p>Z Outlookiem jako centrum dowodzenia, mo\u017cesz sp\u0119dza\u0107 mniej czasu na organizowaniu swojego \u017cycia, a wi\u0119cej na cieszeniu si\u0119 nim.<\/p>\n\n\n\n<figure class=\"wp-block-image\"><img decoding=\"async\" src=\"https:\/\/cdn-dynmedia-1.microsoft.com\/is\/image\/microsoftcorp\/OneNote-CC-H-111x111?fmt=png-alpha&amp;wid=111&amp;hei=111&amp;fit=crop\" alt=\"\"\/><\/figure>\n\n\n\n<h3 class=\"wp-block-heading\">Wszystkie pomys\u0142y w jednym miejscu<\/h3>\n\n\n\n<p>Uchwy\u0107 inspiracj\u0119 w tek\u015bcie, d\u017awi\u0119ku, zdj\u0119ciach i filmach, aby stworzy\u0107 kolejny wielki pomys\u0142 za pomoc\u0105 OneNote.<\/p>\n\n\n\n<figure class=\"wp-block-image\"><img decoding=\"async\" src=\"https:\/\/cdn-dynmedia-1.microsoft.com\/is\/image\/microsoftcorp\/Clipchamp-CC-H-111x111?fmt=png-alpha&amp;wid=111&amp;hei=111&amp;fit=crop\" alt=\"\"\/><\/figure>\n\n\n\n<h3 class=\"wp-block-heading\">Opowiedz swoj\u0105 histori\u0119, na sw\u00f3j spos\u00f3b<\/h3>\n\n\n\n<p>Clipchamp i platforma Microsoft 365 umo\u017cliwiaj\u0105 \u0142atwe przekszta\u0142canie utrwalonych wspomnie\u0144 w pi\u0119kne filmy wideo.<\/p>\n\n\n\n<p><\/p>\n\n\n\n<figure class=\"wp-block-image\"><img decoding=\"async\" src=\"https:\/\/cdn.cs.1worldsync.com\/syndication\/mediaserverredirect\/18167acda95f7f3ccddba91869f2ee91\/width(1200).png\" alt=\"Osi\u0105gaj niezwyk\u0142e wyniki dzi\u0119ki sztucznej inteligencji na platformie Microsoft 365\"\/><\/figure>\n\n\n\n<p><a href=\"https:\/\/cdn.cs.1worldsync.com\/syndication\/mediaserverredirect\/18167acda95f7f3ccddba91869f2ee91\/original.png\"><\/a><\/p>\n\n\n\n<h3 class=\"wp-block-heading\">Pot\u0119\u017cne aplikacje zwi\u0119kszaj\u0105ce produktywno\u015b\u0107 i narz\u0119dzia kreatywne<\/h3>\n\n\n\n<p>Microsoft 365 w\u0142a\u015bnie sta\u0142 si\u0119 lepszy. Odblokuj nowe mo\u017cliwo\u015bci, rozwijaj swoje umiej\u0119tno\u015bci i odkrywaj \u015bwiaty mo\u017cliwo\u015bci dzi\u0119ki nowym funkcjom opartym na sztucznej inteligencji - wszystko w ramach jednego planu.<\/p>\n\n\n\n<figure class=\"wp-block-image\"><img decoding=\"async\" src=\"https:\/\/cdn.cs.1worldsync.com\/syndication\/mediaserverredirect\/6390c1c5895724c5e8e47985fcd6bfc8\/width(1200).png\" alt=\"U\u0142atwienie wykonywania codziennych zada\u0144\"\/><\/figure>\n\n\n\n<p><a href=\"https:\/\/cdn.cs.1worldsync.com\/syndication\/mediaserverredirect\/6390c1c5895724c5e8e47985fcd6bfc8\/original.png\"><\/a><\/p>\n\n\n\n<figure class=\"wp-block-image\"><img decoding=\"async\" src=\"https:\/\/cdn.cs.1worldsync.com\/syndication\/mediaserverredirect\/c278cc4c01c31be22aa5c6c4d39c0c3d\/width(1200).png\" alt=\"Odblokuj swoj\u0105 kreatywno\u015b\u0107\"\/><\/figure>\n\n\n\n<p><a href=\"https:\/\/cdn.cs.1worldsync.com\/syndication\/mediaserverredirect\/c278cc4c01c31be22aa5c6c4d39c0c3d\/original.png\"><\/a><\/p>\n\n\n\n<figure class=\"wp-block-image\"><img decoding=\"async\" src=\"https:\/\/cdn.cs.1worldsync.com\/syndication\/mediaserverredirect\/a8129fb3f59b349c84c78500437670e3\/width(1200).png\" alt=\"Maksymalizacja ochrony\"\/><\/figure>\n\n\n\n<p><a href=\"https:\/\/cdn.cs.1worldsync.com\/syndication\/mediaserverredirect\/a8129fb3f59b349c84c78500437670e3\/original.png\"><\/a><\/p>\n\n\n\n<figure class=\"wp-block-image\"><img decoding=\"async\" src=\"https:\/\/cdn.cs.1worldsync.com\/syndication\/mediaserverredirect\/6390c1c5895724c5e8e47985fcd6bfc8\/width(1200).png\" alt=\"U\u0142atwienie wykonywania codziennych zada\u0144\"\/><\/figure>\n\n\n\n<p><a href=\"https:\/\/cdn.cs.1worldsync.com\/syndication\/mediaserverredirect\/6390c1c5895724c5e8e47985fcd6bfc8\/original.png\"><\/a><\/p>\n\n\n\n<figure class=\"wp-block-image\"><img decoding=\"async\" src=\"https:\/\/cdn.cs.1worldsync.com\/syndication\/mediaserverredirect\/c278cc4c01c31be22aa5c6c4d39c0c3d\/width(1200).png\" alt=\"Odblokuj swoj\u0105 kreatywno\u015b\u0107\"\/><\/figure>\n\n\n\n<p><a href=\"https:\/\/cdn.cs.1worldsync.com\/syndication\/mediaserverredirect\/c278cc4c01c31be22aa5c6c4d39c0c3d\/original.png\"><\/a><\/p>\n\n\n\n<figure class=\"wp-block-image\"><img decoding=\"async\" src=\"https:\/\/cdn.cs.1worldsync.com\/syndication\/mediaserverredirect\/a8129fb3f59b349c84c78500437670e3\/width(1200).png\" alt=\"Maksymalizacja ochrony\"\/><\/figure>\n\n\n\n<p><a href=\"https:\/\/cdn.cs.1worldsync.com\/syndication\/mediaserverredirect\/a8129fb3f59b349c84c78500437670e3\/original.png\"><\/a><\/p>\n\n\n\n<figure class=\"wp-block-image\"><img decoding=\"async\" src=\"https:\/\/cdn.cs.1worldsync.com\/syndication\/mediaserverredirect\/6390c1c5895724c5e8e47985fcd6bfc8\/width(1200).png\" alt=\"U\u0142atwienie wykonywania codziennych zada\u0144\"\/><\/figure>\n\n\n\n<p><a href=\"https:\/\/cdn.cs.1worldsync.com\/syndication\/mediaserverredirect\/6390c1c5895724c5e8e47985fcd6bfc8\/original.png\"><\/a><\/p>\n\n\n\n<ul class=\"wp-block-list\">\n<li><a href=\"javascript:;\"><\/a><\/li>\n\n\n\n<li><a href=\"javascript:;\"><\/a><\/li>\n\n\n\n<li><a href=\"javascript:;\"><\/a><\/li>\n<\/ul>\n\n\n\n<p><a href=\"javascript:;\"><\/a><a href=\"javascript:;\"><\/a><\/p>\n\n\n\n<h3 class=\"wp-block-heading\">Uzyskaj moc sztucznej inteligencji dzi\u0119ki platformie Microsoft 365<\/h3>\n\n\n\n<figure class=\"wp-block-image\"><img decoding=\"async\" src=\"https:\/\/cdn.cs.1worldsync.com\/syndication\/mediaserverredirect\/baf1a596d3b06b257e862c81ac1f2875\/width(1200).png\" alt=\"Microsoft 365 Family\"\/><\/figure>\n\n\n\n<figure class=\"wp-block-image\"><img decoding=\"async\" src=\"https:\/\/cdn.cs.1worldsync.com\/syndication\/mediaserverredirect\/ceea866506897cf6a29b6c3b298ae5db\/width(1200).png\" alt=\"Upro\u015b\u0107 swoje bezpiecze\u0144stwo online\"\/><\/figure>\n\n\n\n<p><a href=\"https:\/\/cdn.cs.1worldsync.com\/syndication\/mediaserverredirect\/ceea866506897cf6a29b6c3b298ae5db\/original.png\"><\/a><\/p>\n\n\n\n<figure class=\"wp-block-image\"><img decoding=\"async\" src=\"https:\/\/cdn.cs.1worldsync.com\/syndication\/mediaserverredirect\/88116b0801f035ef8594132326838290\/maxsize(400x500).png\" alt=\"Chro\u0144 swoje cyfrowe \u017cycie\"\/><\/figure>\n\n\n\n<p><a href=\"https:\/\/cdn.cs.1worldsync.com\/syndication\/mediaserverredirect\/88116b0801f035ef8594132326838290\/original.png\"><\/a><\/p>\n\n\n\n<figure class=\"wp-block-image\"><img decoding=\"async\" src=\"https:\/\/cdn.cs.1worldsync.com\/syndication\/mediaserverredirect\/f6d9ea7d627eb5c532a0c0ea260c30d1\/maxsize(400x500).png\" alt=\"\u0141atwe wysy\u0142anie wiadomo\u015bci e-mail\"\/><\/figure>\n\n\n\n<p><a href=\"https:\/\/cdn.cs.1worldsync.com\/syndication\/mediaserverredirect\/f6d9ea7d627eb5c532a0c0ea260c30d1\/original.png\"><\/a><\/p>\n\n\n\n<figure class=\"wp-block-image\"><img decoding=\"async\" src=\"https:\/\/cdn.cs.1worldsync.com\/syndication\/mediaserverredirect\/7cbf6c5758930d92fa633f16eeb4be9e\/maxsize(400x500).png\" alt=\"Oszcz\u0119dzaj bez obaw\"\/><\/figure>\n\n\n\n<p><a href=\"https:\/\/cdn.cs.1worldsync.com\/syndication\/mediaserverredirect\/7cbf6c5758930d92fa633f16eeb4be9e\/original.png\"><\/a><\/p>\n\n\n\n<figure class=\"wp-block-image\"><img decoding=\"async\" src=\"https:\/\/cdn.cs.1worldsync.com\/syndication\/mediaserverredirect\/3786298798f9e636bec2b1d14f59fc88\/maxsize(400x500).png\" alt=\"Ochrona maksymalnie 5 urz\u0105dze\u0144 na osob\u0119 \"\/><\/figure>\n\n\n\n<p><a href=\"https:\/\/cdn.cs.1worldsync.com\/syndication\/mediaserverredirect\/3786298798f9e636bec2b1d14f59fc88\/original.png\"><\/a><\/p>\n\n\n\n<h3 class=\"wp-block-heading\">Chro\u0144 swoje cyfrowe \u017cycie<\/h3>\n\n\n\n<p>Ochrona zdj\u0119\u0107, dokument\u00f3w, wiadomo\u015bci e-mail i danych osobowych w programie Outlook.<\/p>\n\n\n\n<h3 class=\"wp-block-heading\">\u0141atwe wysy\u0142anie wiadomo\u015bci e-mail<\/h3>\n\n\n\n<p>Funkcje bezpiecze\u0144stwa i zarz\u0105dzania zapewniaj\u0105 bezpiecze\u0144stwo i porz\u0105dek wiadomo\u015bci e-mail, kalendarzy i kontakt\u00f3w.<\/p>\n\n\n\n<h3 class=\"wp-block-heading\">Oszcz\u0119dzaj bez obaw<\/h3>\n\n\n\n<p>Bezpieczne zapisywanie zdj\u0119\u0107, film\u00f3w i dokument\u00f3w w OneDrive z wbudowanym wykrywaniem ransomware.<\/p>\n\n\n\n<h3 class=\"wp-block-heading\">Ochrona maksymalnie 5 urz\u0105dze\u0144 na osob\u0119<\/h3>\n\n\n\n<p>Skanowanie ci\u0105g\u0142e<sup>5<\/sup>&nbsp;sprawdza obecno\u015b\u0107 wirus\u00f3w, z\u0142o\u015bliwych aplikacji i oprogramowania ransomware.<\/p>\n\n\n\n<figure class=\"wp-block-image\"><img decoding=\"async\" src=\"https:\/\/cdn.cs.1worldsync.com\/syndication\/mediaserverredirect\/b2a59715b1dced1edc53234cc3621f86\/width(1200).png\" alt=\"Microsoft 365 wspiera wszystkie Twoje przedsi\u0119wzi\u0119cia\"\/><\/figure>\n\n\n\n<p><a href=\"https:\/\/cdn.cs.1worldsync.com\/syndication\/mediaserverredirect\/b2a59715b1dced1edc53234cc3621f86\/original.png\"><\/a><\/p>\n\n\n\n<h3 class=\"wp-block-heading\">Aplikacje zwi\u0119kszaj\u0105ce produktywno\u015b\u0107 z wbudowanymi funkcjami, kt\u00f3re oferuj\u0105 rekomendacje pomagaj\u0105ce w realizacji pomys\u0142\u00f3w.<\/h3>\n\n\n\n<figure class=\"wp-block-image\"><img decoding=\"async\" src=\"https:\/\/cdn.cs.1worldsync.com\/syndication\/mediaserverredirect\/02885bb8943850cf4f25d168a814a998\/maxsize(400x500).png\" alt=\"Podnie\u015b jako\u015b\u0107 swojej zawarto\u015bci dzi\u0119ki platformie Microsoft 365\"\/><\/figure>\n\n\n\n<p><a href=\"https:\/\/cdn.cs.1worldsync.com\/syndication\/mediaserverredirect\/02885bb8943850cf4f25d168a814a998\/original.png\"><\/a><\/p>\n\n\n\n<figure class=\"wp-block-image\"><img decoding=\"async\" src=\"https:\/\/cdn.cs.1worldsync.com\/syndication\/mediaserverredirect\/b8b23be4e10f478087dbcdb7d2cc3c31\/maxsize(400x500).png\" alt=\"Od zwyk\u0142ego do wybitnego\"\/><\/figure>\n\n\n\n<p><a href=\"https:\/\/cdn.cs.1worldsync.com\/syndication\/mediaserverredirect\/b8b23be4e10f478087dbcdb7d2cc3c31\/original.png\"><\/a><\/p>\n\n\n\n<figure class=\"wp-block-image\"><img decoding=\"async\" src=\"https:\/\/cdn.cs.1worldsync.com\/syndication\/mediaserverredirect\/f8f5beb1afa286f0d627c22e9c3a4dfd\/maxsize(400x500).png\" alt=\"Jasno i pewnie wyra\u017caj swoje pomys\u0142y\"\/><\/figure>\n\n\n\n<p><a href=\"https:\/\/cdn.cs.1worldsync.com\/syndication\/mediaserverredirect\/f8f5beb1afa286f0d627c22e9c3a4dfd\/original.png\"><\/a><\/p>\n\n\n\n<h3 class=\"wp-block-heading\">Podnie\u015b jako\u015b\u0107 swoich tre\u015bci dzi\u0119ki<br>Microsoft 365<\/h3>\n\n\n\n<p>Wybieraj spo\u015br\u00f3d r\u00f3\u017cnych motyw\u00f3w, projekt\u00f3w lub uk\u0142ad\u00f3w i korzystaj z wbudowanych narz\u0119dzi, aby szybko sfinalizowa\u0107 sw\u00f3j projekt.<\/p>\n\n\n\n<h3 class=\"wp-block-heading\">Od zwyk\u0142ego do wybitnego<\/h3>\n\n\n\n<p>Inteligentne sugestie dotycz\u0105ce formatowania, czcionek i styl\u00f3w w programach Word, Excel i PowerPoint pomagaj\u0105 bez trudu uczyni\u0107 dokument niemal tak wyj\u0105tkowym, jak Ty sam.<\/p>\n\n\n\n<h3 class=\"wp-block-heading\">Jasno i pewnie wyra\u017caj swoje pomys\u0142y<\/h3>\n\n\n\n<p>Wbudowane narz\u0119dzia w programach Word, PowerPoint i Clipchamp pomagaj\u0105 tworzy\u0107, dopracowywa\u0107 i udost\u0119pnia\u0107 swoje przemy\u015blenia za pomoc\u0105 s\u0142\u00f3w, pokaz\u00f3w slajd\u00f3w i film\u00f3w.<\/p>\n\n\n\n<h3 class=\"wp-block-heading\">Subskrypcja Microsoft 365 Family odblokowuje funkcje premium w tych aplikacjach i us\u0142ugach:<\/h3>\n\n\n\n<figure class=\"wp-block-image\"><img decoding=\"async\" src=\"https:\/\/cdn.cs.1worldsync.com\/syndication\/mediaserverredirect\/352cfa323dad248af35010013b3d36f2\/width(1200).jpg\" alt=\"Subskrypcja Microsoft 365 Family odblokowuje funkcje premium w tych aplikacjach i us\u0142ugach\"\/><\/figure>\n\n\n\n<p><a href=\"https:\/\/cdn.cs.1worldsync.com\/syndication\/mediaserverredirect\/352cfa323dad248af35010013b3d36f2\/original.jpg\"><\/a><\/p>","protected":false},"excerpt":{"rendered":"<p>Explore even more benefits of Microsoft 365\u202f Simplify your online security Keep you and your family safer online with continuous monitoring for threats, real-time alerts, tips, and expert guidance from Microsoft Defender. Powerful productivity apps with AI Use Word, Excel, and PowerPoint to collaborate in real time or work offline, now with Microsoft Copilot.Footnote1 Trusted [&hellip;]<\/p>","protected":false},"featured_media":51916,"template":"","meta":{"inline_featured_image":false},"product_brand":[],"product_cat":[17],"product_tag":[],"class_list":{"0":"post-51918","1":"product","2":"type-product","3":"status-publish","4":"has-post-thumbnail","6":"product_cat-microsoft-office","8":"first","9":"instock","10":"taxable","11":"shipping-taxable","12":"purchasable","13":"product-type-simple"},"_links":{"self":[{"href":"https:\/\/licencegrid.com\/pl\/wp-json\/wp\/v2\/product\/51918","targetHints":{"allow":["GET"]}}],"collection":[{"href":"https:\/\/licencegrid.com\/pl\/wp-json\/wp\/v2\/product"}],"about":[{"href":"https:\/\/licencegrid.com\/pl\/wp-json\/wp\/v2\/types\/product"}],"wp:featuredmedia":[{"embeddable":true,"href":"https:\/\/licencegrid.com\/pl\/wp-json\/wp\/v2\/media\/51916"}],"wp:attachment":[{"href":"https:\/\/licencegrid.com\/pl\/wp-json\/wp\/v2\/media?parent=51918"}],"wp:term":[{"taxonomy":"product_brand","embeddable":true,"href":"https:\/\/licencegrid.com\/pl\/wp-json\/wp\/v2\/product_brand?post=51918"},{"taxonomy":"product_cat","embeddable":true,"href":"https:\/\/licencegrid.com\/pl\/wp-json\/wp\/v2\/product_cat?post=51918"},{"taxonomy":"product_tag","embeddable":true,"href":"https:\/\/licencegrid.com\/pl\/wp-json\/wp\/v2\/product_tag?post=51918"}],"curies":[{"name":"wp","href":"https:\/\/api.w.org\/{rel}","templated":true}]}}