{"id":51919,"date":"2025-05-20T00:21:32","date_gmt":"2025-05-20T00:21:32","guid":{"rendered":"https:\/\/licencegrid.com\/?post_type=product&#038;p=51919"},"modified":"2025-05-20T00:24:04","modified_gmt":"2025-05-20T00:24:04","slug":"canva-pro-toolkit-1-3-year-plans-linked-to-your-personal-email-unlimited-ai-credits-premium-templates","status":"publish","type":"product","link":"https:\/\/licencegrid.com\/pl\/produkt\/canva-pro-toolkit-1-3-year-plans-linked-to-your-personal-email-unlimited-ai-credits-premium-templates\/","title":{"rendered":"Canva Pro Toolkit - plany na 1 i 3 lata | powi\u0105zany z osobistym adresem e-mail | nieograniczone kredyty AI i szablony premium"},"content":{"rendered":"<h3 class=\"wp-block-heading\">Co zawiera Canva Pro:<\/h3>\n\n\n\n<ul class=\"wp-block-list\">\n<li>\u0141atwy edytor typu \"przeci\u0105gnij i upu\u015b\u0107<\/li>\n\n\n\n<li>Ponad 2 miliony profesjonalnie zaprojektowanych szablon\u00f3w<\/li>\n\n\n\n<li>Ponad 1000 typ\u00f3w projekt\u00f3w (np. posty spo\u0142eczno\u015bciowe, dokumenty, prezentacje i inne)<\/li>\n\n\n\n<li>Ponad 4,5 mln zdj\u0119\u0107 stockowych i grafik<\/li>\n\n\n\n<li>Projekt, obraz i generowanie tekstu oparte na sztucznej inteligencji<\/li>\n\n\n\n<li>Interaktywne narz\u0119dzia projektowe i do\u015bwiadczenia ze sztuczn\u0105 inteligencj\u0105<\/li>\n\n\n\n<li>\u0141\u0105czenie wielu format\u00f3w w jednym projekcie<\/li>\n\n\n\n<li>Projektowanie, drukowanie i opcje dostawy<\/li>\n\n\n\n<li><strong>Nieograniczony dost\u0119p do szablon\u00f3w premium<\/strong><\/li>\n\n\n\n<li>Ponad 140 milion\u00f3w zdj\u0119\u0107, film\u00f3w, grafik i audio premium<\/li>\n\n\n\n<li>1000 zestaw\u00f3w do zarz\u0105dzania mark\u0105<\/li>\n\n\n\n<li>Natychmiastowa zmiana rozmiaru i t\u0142umaczenie projekt\u00f3w<\/li>\n\n\n\n<li>Usuwanie t\u0142a jednym klikni\u0119ciem<\/li>\n\n\n\n<li>Wsadowa zmiana rozmiaru, t\u0142umaczenie i usuwanie t\u0142a<\/li>\n\n\n\n<li>Zwi\u0119ksz produktywno\u015b\u0107 dzi\u0119ki ponad 25 narz\u0119dziom AI<\/li>\n\n\n\n<li>Harmonogram i planowanie tre\u015bci w mediach spo\u0142eczno\u015bciowych<\/li>\n\n\n\n<li><strong>1 TB przestrzeni dyskowej w chmurze<\/strong> (poziom Canva Pro)<\/li>\n<\/ul>\n\n\n\n<p>Co otrzymasz <\/p>\n\n\n\n<p>1. Zaproszenie otrzymasz bezpo\u015brednio na sw\u00f3j osobisty adres e-mail. <\/p>\n\n\n\n<p>2. Ciesz si\u0119 pe\u0142nym dost\u0119pem do funkcji i narz\u0119dzi Canva Pro!<\/p>\n\n\n\n<p><\/p>\n\n\n\n<p>Wa\u017cna uwaga:\u00a0 <\/p>\n\n\n\n<p><\/p>\n\n\n\n<p>Aby zaoferowa\u0107 ci t\u0119 niesamowit\u0105, przyst\u0119pn\u0105 cen\u0119, twoje konto Canva Pro b\u0119dzie cz\u0119\u015bci\u0105 planu grupowego. <\/p>\n\n\n\n<p>Twoje projekty pozostaj\u0105 ca\u0142kowicie prywatne i nie mog\u0105 by\u0107 widoczne dla nikogo innego. Masz pe\u0142n\u0105 kontrol\u0119 nad nimi w ustawieniach konta. <\/p>\n\n\n\n<p>Je\u015bli wolisz w pe\u0142ni indywidualn\u0105 subskrypcj\u0119, mo\u017cesz dokona\u0107 zakupu bezpo\u015brednio na stronie Canva.com.<\/p>","protected":false},"excerpt":{"rendered":"<p>\u2705 What\u2019s Included with Canva Pro: \u2705 What You Will Receive 1. You will receive the invitation directly to your personal email address. 2. Enjoy full access to Canva Pro features and tools! \u2705 Important note :\u00a0 To offer you this amazing, affordable price, your Canva Pro account will be part of a group plan. [&hellip;]<\/p>","protected":false},"featured_media":51922,"template":"","meta":{"inline_featured_image":false},"product_brand":[],"product_cat":[],"product_tag":[],"class_list":{"0":"post-51919","1":"product","2":"type-product","3":"status-publish","4":"has-post-thumbnail","7":"first","8":"instock","9":"taxable","10":"shipping-taxable","11":"purchasable","12":"product-type-variable"},"_links":{"self":[{"href":"https:\/\/licencegrid.com\/pl\/wp-json\/wp\/v2\/product\/51919","targetHints":{"allow":["GET"]}}],"collection":[{"href":"https:\/\/licencegrid.com\/pl\/wp-json\/wp\/v2\/product"}],"about":[{"href":"https:\/\/licencegrid.com\/pl\/wp-json\/wp\/v2\/types\/product"}],"wp:featuredmedia":[{"embeddable":true,"href":"https:\/\/licencegrid.com\/pl\/wp-json\/wp\/v2\/media\/51922"}],"wp:attachment":[{"href":"https:\/\/licencegrid.com\/pl\/wp-json\/wp\/v2\/media?parent=51919"}],"wp:term":[{"taxonomy":"product_brand","embeddable":true,"href":"https:\/\/licencegrid.com\/pl\/wp-json\/wp\/v2\/product_brand?post=51919"},{"taxonomy":"product_cat","embeddable":true,"href":"https:\/\/licencegrid.com\/pl\/wp-json\/wp\/v2\/product_cat?post=51919"},{"taxonomy":"product_tag","embeddable":true,"href":"https:\/\/licencegrid.com\/pl\/wp-json\/wp\/v2\/product_tag?post=51919"}],"curies":[{"name":"wp","href":"https:\/\/api.w.org\/{rel}","templated":true}]}}