{"id":51924,"date":"2025-05-23T09:07:49","date_gmt":"2025-05-23T09:07:49","guid":{"rendered":"https:\/\/licencegrid.com\/?post_type=product&#038;p=51924"},"modified":"2025-05-23T10:03:49","modified_gmt":"2025-05-23T10:03:49","slug":"microsoft-office-2024-pro-plus-lifetime-for-mac","status":"publish","type":"product","link":"https:\/\/licencegrid.com\/pl\/produkt\/microsoft-office-2024-pro-plus-lifetime-for-mac\/","title":{"rendered":"Microsoft Office 2024 Professional Plus Lifetime dla komputer\u00f3w Mac"},"content":{"rendered":"<h3 class=\"wp-block-heading\">Microsoft Office Professional Plus dla komputer\u00f3w Mac (odpowiednik Professional Plus)<\/h3>\n\n\n\n<h4 class=\"wp-block-heading\">Zawiera pe\u0142ny pakiet biurowy<\/h4>\n\n\n\n<ul class=\"wp-block-list\">\n<li>Microsoft Word<\/li>\n\n\n\n<li>Microsoft Excel<\/li>\n\n\n\n<li>Microsoft PowerPoint<\/li>\n\n\n\n<li>Microsoft Outlook<\/li>\n\n\n\n<li>Microsoft OneNote<\/li>\n\n\n\n<li>Microsoft Defender<\/li>\n<\/ul>\n\n\n\n<hr class=\"wp-block-separator has-alpha-channel-opacity\"\/>\n\n\n\n<h4 class=\"wp-block-heading\">\u2699\ufe0f Szczeg\u00f3\u0142y produktu<\/h4>\n\n\n\n<ul class=\"wp-block-list\">\n<li><strong>Kompatybilno\u015b\u0107:<\/strong> macOS 10 lub nowszy<\/li>\n\n\n\n<li><strong>Aktywacja:<\/strong> Jednorazowa aktywacja - do\u017cywotni dost\u0119p<\/li>\n\n\n\n<li><strong>J\u0119zyki:<\/strong>&nbsp;Wieloj\u0119zyczny - obs\u0142ugiwane wszystkie j\u0119zyki<\/li>\n\n\n\n<li><strong>Aktualizacje:<\/strong>\u00a0Sta\u0142e aktualizacje obejmuj\u0105<\/li>\n<\/ul>\n\n\n\n<hr class=\"wp-block-separator has-alpha-channel-opacity\"\/>\n\n\n\n<h4 class=\"wp-block-heading\">Co otrzymasz<\/h4>\n\n\n\n<ul class=\"wp-block-list\">\n<li>Klucz aktywacyjny<\/li>\n\n\n\n<li>Link do pobrania<\/li>\n\n\n\n<li>\u2705 Pe\u0142na instrukcja instalacji<\/li>\n<\/ul>\n\n\n\n<hr class=\"wp-block-separator has-alpha-channel-opacity\"\/>\n\n\n\n<h4 class=\"wp-block-heading\">\u26a0\ufe0f Wa\u017cne uwagi<\/h4>\n\n\n\n<ul class=\"wp-block-list\">\n<li>Jest to produkt cyfrowy - \u017caden fizyczny przedmiot nie zostanie wys\u0142any.<\/li>\n<\/ul>","protected":false},"excerpt":{"rendered":"<p><!-- wp:heading {\"level\":4} --><\/p>\n<h4 class=\"wp-block-heading\">Zawiera pe\u0142ny pakiet biurowy<\/h4>\n<p><!-- \/wp:heading --><\/p>\n<p><!-- wp:list --><\/p>\n<ul class=\"wp-block-list\"><!-- wp:list-item --><\/p>\n<li>Microsoft Word<\/li>\n<p><!-- \/wp:list-item --><\/p>\n<p><!-- wp:list-item --><\/p>\n<li>Microsoft Excel<\/li>\n<p><!-- \/wp:list-item --><\/p>\n<p><!-- wp:list-item --><\/p>\n<li>Microsoft PowerPoint<\/li>\n<p><!-- \/wp:list-item --><\/p>\n<p><!-- wp:list-item --><\/p>\n<li>Microsoft Outlook<\/li>\n<p><!-- \/wp:list-item --><\/p>\n<p><!-- wp:list-item --><\/p>\n<li>Microsoft OneNote<\/li>\n<p><!-- \/wp:list-item --><\/p>\n<p><!-- wp:list-item --><\/p>\n<li>Microsoft Defender<\/li>\n<p><!-- \/wp:list-item --><\/ul>\n<p><!-- \/wp:list --><\/p>","protected":false},"featured_media":51928,"template":"","meta":{"inline_featured_image":false},"product_brand":[],"product_cat":[],"product_tag":[],"class_list":{"0":"post-51924","1":"product","2":"type-product","3":"status-publish","4":"has-post-thumbnail","7":"first","8":"instock","9":"taxable","10":"shipping-taxable","11":"purchasable","12":"product-type-simple"},"_links":{"self":[{"href":"https:\/\/licencegrid.com\/pl\/wp-json\/wp\/v2\/product\/51924","targetHints":{"allow":["GET"]}}],"collection":[{"href":"https:\/\/licencegrid.com\/pl\/wp-json\/wp\/v2\/product"}],"about":[{"href":"https:\/\/licencegrid.com\/pl\/wp-json\/wp\/v2\/types\/product"}],"wp:featuredmedia":[{"embeddable":true,"href":"https:\/\/licencegrid.com\/pl\/wp-json\/wp\/v2\/media\/51928"}],"wp:attachment":[{"href":"https:\/\/licencegrid.com\/pl\/wp-json\/wp\/v2\/media?parent=51924"}],"wp:term":[{"taxonomy":"product_brand","embeddable":true,"href":"https:\/\/licencegrid.com\/pl\/wp-json\/wp\/v2\/product_brand?post=51924"},{"taxonomy":"product_cat","embeddable":true,"href":"https:\/\/licencegrid.com\/pl\/wp-json\/wp\/v2\/product_cat?post=51924"},{"taxonomy":"product_tag","embeddable":true,"href":"https:\/\/licencegrid.com\/pl\/wp-json\/wp\/v2\/product_tag?post=51924"}],"curies":[{"name":"wp","href":"https:\/\/api.w.org\/{rel}","templated":true}]}}