{"id":54,"date":"2022-02-26T09:21:36","date_gmt":"2022-02-26T09:21:36","guid":{"rendered":"https:\/\/licencegrid.com\/?post_type=product&#038;p=54"},"modified":"2025-05-07T13:00:12","modified_gmt":"2025-05-07T13:00:12","slug":"microsoft-visio-2024-professional","status":"publish","type":"product","link":"https:\/\/licencegrid.com\/pl\/produkt\/microsoft-visio-2024-professional\/","title":{"rendered":"Microsoft Visio Professional 2024"},"content":{"rendered":"<p><\/p>\n\n\n<h3 style=\"text-align: center;\">Microsoft Visio Professional 2024<\/h3>\n<h3><b>Microsoft Visio 2024 - por\u00f3wnanie licencji<\/b><\/h3>\n<table>\n<tbody>\n<tr>\n<td>\n<p><b>Wydanie<\/b><\/p>\n<\/td>\n<td>\n<p><b>Powi\u0105zany z kontem Microsoft?<\/b><\/p>\n<\/td>\n<td>\n<p><b>Mo\u017cliwo\u015b\u0107 przeniesienia na inny komputer?<\/b><\/p>\n<\/td>\n<td>\n<p><b>Wa\u017cno\u015b\u0107 \/ Subskrypcja<\/b><\/p>\n<\/td>\n<td>\n<p><b>Mo\u017cna zrealizowa\u0107 na\u00a0<\/b><\/p>\n<p><a href=\"https:\/\/setup.office.com\/redeem\/enter-key\"><b>setup.office.com<\/b><\/a><\/p>\n<\/td>\n<\/tr>\n<tr>\n<td>\n<p><span style=\"font-weight: 400;\">Microsoft Project \/ Visro 2024 Retail\u00a0<\/span><\/p>\n<\/td>\n<td>\n<p><span style=\"font-weight: 400;\"> Tak<\/span><\/p>\n<\/td>\n<td>\n<p><span style=\"font-weight: 400;\"> Tak<\/span><\/p>\n<\/td>\n<td>\n<p><span style=\"font-weight: 400;\">Jednorazowo \/ do\u017cywotnio<\/span><\/p>\n<\/td>\n<td>\n<p><span style=\"font-weight: 400;\"> Tak<\/span><\/p>\n<\/td>\n<\/tr>\n<tr>\n<td>\n<p><span style=\"font-weight: 400;\">Microsoft Project \/ Visro 2024 LTSC<\/span><\/p>\n<\/td>\n<td>\n<p><span style=\"font-weight: 400;\"> Nie<\/span><\/p>\n<\/td>\n<td>\n<p><span style=\"font-weight: 400;\"> Nie<\/span><\/p>\n<\/td>\n<td>\n<p><span style=\"font-weight: 400;\">Jednorazowo \/ do\u017cywotnio<\/span><\/p>\n<\/td>\n<td>\n<p><span style=\"font-weight: 400;\"> Nie<\/span><\/p>\n<p><span style=\"font-weight: 400;\">Mo\u017cna go zrealizowa\u0107 tylko z poziomu oprogramowania<\/span><\/p>\n<\/td>\n<\/tr>\n<\/tbody>\n<\/table>\n<p>\u00a0<\/p>\n<h3><b>Visio 2024 Professional - funkcje<\/b><\/h3>\n<table>\n<tbody>\n<tr>\n<td>\n<p><b>Cecha<\/b><\/p>\n<\/td>\n<td>\n<p><b>Visio Professional 2024<\/b><\/p>\n<\/td>\n<\/tr>\n<tr>\n<td>\n<p><b>Typ licencji<\/b><\/p>\n<\/td>\n<td>\n<p><b>Jednorazowy zakup dla 1 komputera<\/b><\/p>\n<\/td>\n<\/tr>\n<tr>\n<td>\n<p><b>Typ diagramu<\/b><\/p>\n<\/td>\n<td>\n<p><b>Lokalnie<\/b><\/p>\n<\/td>\n<\/tr>\n<tr>\n<td>\n<p><b>Szablony, kszta\u0142ty, ikony, infografiki<\/b><\/p>\n<\/td>\n<td>\n<p><b>Wszystkie standardowe funkcje w zestawie + wi\u0119cej<\/b><\/p>\n<\/td>\n<\/tr>\n<tr>\n<td>\n<p><b>Rysowanie dotykowe (wprowadzanie danych pi\u00f3rem\/palcem)<\/b><\/p>\n<\/td>\n<td>\n<p><b>Tak<\/b><\/p>\n<\/td>\n<\/tr>\n<tr>\n<td>\n<p><b>Zaawansowane funkcje wsp\u00f3\u0142pracy<\/b><\/p>\n<\/td>\n<td>\n<p><b>W zestawie<\/b><\/p>\n<\/td>\n<\/tr>\n<tr>\n<td>\n<p><b>Dodatkowe szablony i kszta\u0142ty<\/b><\/p>\n<\/td>\n<td>\n<p><b>Tak<\/b><\/p>\n<\/td>\n<\/tr>\n<tr>\n<td>\n<p><b>Wsparcie dla standard\u00f3w bran\u017cowych (BPMN 2.0, IEEE, UML 2.5)<\/b><\/p>\n<\/td>\n<td>\n<p><b>Tak<\/b><\/p>\n<\/td>\n<\/tr>\n<tr>\n<td>\n<p><b>Wsparcie dla diagram\u00f3w Azure i Kubernetes<\/b><\/p>\n<\/td>\n<td>\n<p><b>Tak<\/b><\/p>\n<\/td>\n<\/tr>\n<tr>\n<td>\n<p><b>\u0141\u0105czenie danych na \u017cywo (\u017ar\u00f3d\u0142a wewn\u0119trzne\/zewn\u0119trzne)<\/b><\/p>\n<\/td>\n<td>\n<p><b>Tak<\/b><\/p>\n<\/td>\n<\/tr>\n<\/tbody>\n<\/table>\n<p><b>Wi\u0119cej informacji mo\u017cna znale\u017a\u0107 na stronie Microsoft <\/b><a href=\"https:\/\/www.microsoft.com\/en-us\/microsoft-365\/visio\/microsoft-visio-plans-and-pricing-compare-visio-options#x7bc32f6fafbc4d64a17cc86500f4b0f4\"><b>oficjalne wytyczne<\/b><\/a><\/p>\n<h4><b>\u26a0\ufe0f Wa\u017cne:<\/b><\/h4>\n<ul>\n<li aria-level=\"1\"><b>Jest to produkt cyfrowy - \u017caden fizyczny przedmiot nie zostanie wys\u0142any.<\/b><\/li>\n<\/ul>\n\n\n<p><\/p>","protected":false},"excerpt":{"rendered":"<h3><b>Co wchodzi w sk\u0142ad zestawu?<\/b><\/h3>\n<ul>\n<li aria-level=\"1\"><b>Natychmiastowe dostarczenie licencji poczt\u0105 elektroniczn\u0105<\/b><\/li>\n<\/ul>\n<ul>\n<li aria-level=\"1\"><b>Instrukcje aktywacji krok po kroku<\/b><\/li>\n<\/ul>\n<ul>\n<li aria-level=\"1\"><b>24-godzinna przyjazna obs\u0142uga klienta w razie potrzeby<\/b><\/li>\n<\/ul>\n<ul>\n<li aria-level=\"1\"><b>Brak subskrypcji - tylko jednorazowa p\u0142atno\u015b\u0107<\/b><\/li>\n<\/ul>\n<p>&nbsp;<\/p>","protected":false},"featured_media":51863,"template":"","meta":{"inline_featured_image":false},"product_brand":[],"product_cat":[17],"product_tag":[],"class_list":{"0":"post-54","1":"product","2":"type-product","3":"status-publish","4":"has-post-thumbnail","6":"product_cat-microsoft-office","8":"first","9":"instock","10":"taxable","11":"shipping-taxable","12":"purchasable","13":"product-type-variable"},"_links":{"self":[{"href":"https:\/\/licencegrid.com\/pl\/wp-json\/wp\/v2\/product\/54","targetHints":{"allow":["GET"]}}],"collection":[{"href":"https:\/\/licencegrid.com\/pl\/wp-json\/wp\/v2\/product"}],"about":[{"href":"https:\/\/licencegrid.com\/pl\/wp-json\/wp\/v2\/types\/product"}],"wp:featuredmedia":[{"embeddable":true,"href":"https:\/\/licencegrid.com\/pl\/wp-json\/wp\/v2\/media\/51863"}],"wp:attachment":[{"href":"https:\/\/licencegrid.com\/pl\/wp-json\/wp\/v2\/media?parent=54"}],"wp:term":[{"taxonomy":"product_brand","embeddable":true,"href":"https:\/\/licencegrid.com\/pl\/wp-json\/wp\/v2\/product_brand?post=54"},{"taxonomy":"product_cat","embeddable":true,"href":"https:\/\/licencegrid.com\/pl\/wp-json\/wp\/v2\/product_cat?post=54"},{"taxonomy":"product_tag","embeddable":true,"href":"https:\/\/licencegrid.com\/pl\/wp-json\/wp\/v2\/product_tag?post=54"}],"curies":[{"name":"wp","href":"https:\/\/api.w.org\/{rel}","templated":true}]}}