{"id":78,"date":"2022-02-26T09:22:02","date_gmt":"2022-02-26T09:22:02","guid":{"rendered":"https:\/\/licencegrid.com\/?post_type=product&#038;p=78"},"modified":"2023-10-26T13:12:38","modified_gmt":"2023-10-26T13:12:38","slug":"microsoft-server-2019-datacenter-2-cores","status":"publish","type":"product","link":"https:\/\/licencegrid.com\/pl\/produkt\/microsoft-server-2019-datacenter-2-cores\/","title":{"rendered":"Microsoft Server 2019 Datacenter - 2 rdzenie"},"content":{"rendered":"<div class=\"flex-1 overflow-hidden\">\n<div class=\"react-scroll-to-bottom--css-leeyc-79elbk h-full dark:bg-gray-800\">\n<div class=\"react-scroll-to-bottom--css-leeyc-1n7m0yu\">\n<div class=\"flex flex-col text-sm gizmo:pb-9 dark:bg-gray-800\">\n<div class=\"group final-completion w-full text-token-text-primary border-b border-black\/10 gizmo:border-0 dark:border-gray-900\/50 gizmo:dark:border-0 bg-gray-50 gizmo:bg-transparent dark:bg-[#444654] gizmo:dark:bg-transparent\" data-testid=\"conversation-turn-33\">\n<div class=\"p-4 gizmo:py-2 justify-center text-base md:gap-6 md:py-6 m-auto\">\n<div class=\"flex flex-1 gap-4 text-base mx-auto md:gap-6 gizmo:gap-3 gizmo:md:px-5 gizmo:lg:px-1 gizmo:xl:px-5 md:max-w-2xl lg:max-w-[38rem] gizmo:md:max-w-3xl gizmo:lg:max-w-[40rem] gizmo:xl:max-w-[48rem] xl:max-w-3xl }\">\n<div class=\"relative flex w-[calc(100%-50px)] flex-col gizmo:w-full lg:w-[calc(100%-115px)] agent-turn\">\n<div class=\"flex-col gap-1 md:gap-3\">\n<div class=\"flex flex-grow flex-col gap-3 max-w-full\">\n<div class=\"min-h-[20px] flex flex-col items-start gap-3 whitespace-pre-wrap break-words overflow-x-auto\">\n<div class=\"markdown prose w-full break-words dark:prose-invert dark\">\n<h3 style=\"text-align: center;\">Krachtige Datacenterprestaties met Microsoft Windows Server 2019 Datacenter - 2 Cores<\/h3>\n<p>Rozpocznij przygod\u0119 z centrami danych dzi\u0119ki systemowi Microsoft Windows Server 2019 Datacenter, stworzonemu z my\u015bl\u0105 o nowoczesnych firmach. Dzi\u0119ki elastyczno\u015bci 2 rdzeni system Windows Server 2019 Datacenter stanowi idealne rozwi\u0105zanie do optymalizacji wydajno\u015bci centr\u00f3w danych i usprawniania proces\u00f3w w firmach.<\/p>\n<p><strong>Belangrijkste Kenmerken:<\/strong><\/p>\n<ul>\n<li><strong>Krachtige Virtualisatie:<\/strong> Zapewnij i scharakteryzuj swoje wirtualne \u015brodowisko za pomoc\u0105 Hyper-V i uzyskaj lepsz\u0105 infrastruktur\u0119.<\/li>\n<li><strong>Sieci definiowane programowo (SDN):<\/strong> Zaawansowane sieci i najwy\u017csze standardy dzi\u0119ki sieciom definiowanym programowo.<\/li>\n<li><strong>Geavanceerd Beheer:<\/strong> Usprawnij swoje centrum danych za pomoc\u0105 sprawdzonych narz\u0119dzi i automatyzacji.<\/li>\n<\/ul>\n<p><strong>Voordelen:<\/strong> Microsoft Windows Server 2019 Datacenter - 2 Cores kunt u:<\/p>\n<ul>\n<li>Maksymalny czas pracy bez przestoj\u00f3w i najwy\u017csza niezawodno\u015b\u0107 w realizacji zada\u0144 s\u0142u\u017cbowych.<\/li>\n<li>Koszty s\u0105 ni\u017csze dzi\u0119ki wirtualizacji i geavanceerd beheer.<\/li>\n<li>Nasze centra danych spe\u0142niaj\u0105 i pomagaj\u0105 w realizacji du\u017cych potrzeb naszej organizacji.<\/li>\n<\/ul>\n<p><strong>Systeemvereisten:<\/strong> Aby pobra\u0107 Microsoft Windows Server 2019 Datacenter - 2 Cores, nale\u017cy wykona\u0107 nast\u0119puj\u0105ce czynno\u015bci:<\/p>\n<ul>\n<li><strong>Procesor:<\/strong> Procesor 64-bitowy z co najmniej 2 rdzeniami.<\/li>\n<li><strong>Geheugen:<\/strong> 512 MB pami\u0119ci RAM lub wi\u0119cej.<\/li>\n<li><strong>Opslag:<\/strong> 32 GB vrije schijfruimte of meer.<\/li>\n<li><strong>Grafische kaart:<\/strong> Super VGA (800\u00d7600) o wysokiej rozdzielczo\u015bci.<\/li>\n<li><strong>Internetverbinding:<\/strong> Dla niekt\u00f3rych funkcji dost\u0119pny jest dost\u0119p do Internetu.<\/li>\n<\/ul>\n<p><strong>Scenariusze gier:<\/strong> Microsoft Windows Server 2019 Datacenter z 2 rdzeniami to rozwi\u0105zanie dla ma\u0142ych i \u015brednich centr\u00f3w danych lub dla firm, kt\u00f3re potrzebuj\u0105 takich rozwi\u0105za\u0144.<\/p>\n<p><strong>Instalacja i konfiguracja:<\/strong> Microsoft Windows Server 2019 Datacenter - 2 Cores jest \u0142atwy w instalacji i konfiguracji, ze szczeg\u00f3\u0142ow\u0105 dokumentacj\u0105 i instrukcjami online.<\/p>\n<p><strong>Ondersteuning en Updates:<\/strong> Skorzystaj z doskona\u0142ego wsparcia technicznego i regularnych aktualizacji, aby Twoje centrum danych dzia\u0142a\u0142o optymalnie.<\/p>\n<p><strong>Wnioski:<\/strong> Microsoft Windows Server 2019 Datacenter - 2 Cores to klucz do zoptymalizowanego i wydajnego centrum danych. Zwi\u0119ksz wydajno\u015b\u0107 swojego centrum danych za pomoc\u0105 tego zaawansowanego rozwi\u0105zania.<\/p>\n<\/div>\n<\/div>\n<\/div>\n<\/div>\n<\/div>\n<\/div>\n<\/div>\n<\/div>\n<\/div>\n<\/div>\n<\/div>\n<\/div>","protected":false},"excerpt":{"rendered":"<p>Rozpocznij przygod\u0119 z centrami danych dzi\u0119ki systemowi Microsoft Windows Server 2019 Datacenter, stworzonemu z my\u015bl\u0105 o nowoczesnych firmach. Dzi\u0119ki elastyczno\u015bci 2 rdzeni system Windows Server 2019 Datacenter stanowi idealne rozwi\u0105zanie do optymalizacji wydajno\u015bci centr\u00f3w danych i usprawniania proces\u00f3w w firmach.<\/p>\n<h5><img decoding=\"async\" class=\"wp-image-38007 alignnone\" src=\"https:\/\/licencegrid.com\/wp-content\/uploads\/2022\/02\/blue-mark.png\" alt=\"\" width=\"25\" height=\"25\" srcset=\"https:\/\/licencegrid.com\/wp-content\/uploads\/2022\/02\/blue-mark.png 225w, https:\/\/licencegrid.com\/wp-content\/uploads\/2022\/02\/blue-mark-150x150.png 150w\" sizes=\"(max-width: 25px) 100vw, 25px\" \/>\u00a0<strong>Szybka i prosta obs\u0142uga oprogramowania!<br \/>\n<\/strong><img decoding=\"async\" class=\"wp-image-38007 alignnone\" src=\"https:\/\/licencegrid.com\/wp-content\/uploads\/2022\/02\/blue-mark.png\" alt=\"\" width=\"25\" height=\"25\" srcset=\"https:\/\/licencegrid.com\/wp-content\/uploads\/2022\/02\/blue-mark.png 225w, https:\/\/licencegrid.com\/wp-content\/uploads\/2022\/02\/blue-mark-150x150.png 150w\" sizes=\"(max-width: 25px) 100vw, 25px\" \/>\u00a0<strong>Binnen enkele seconden, digitaal geleverd!<br \/>\n<\/strong><img decoding=\"async\" class=\"wp-image-38007 alignnone\" src=\"https:\/\/licencegrid.com\/wp-content\/uploads\/2022\/02\/blue-mark.png\" alt=\"\" width=\"25\" height=\"25\" srcset=\"https:\/\/licencegrid.com\/wp-content\/uploads\/2022\/02\/blue-mark.png 225w, https:\/\/licencegrid.com\/wp-content\/uploads\/2022\/02\/blue-mark-150x150.png 150w\" sizes=\"(max-width: 25px) 100vw, 25px\" \/>\u00a0<strong>Niet goed = Geld terug!<br \/>\n<\/strong><img decoding=\"async\" class=\"wp-image-38007 alignnone\" src=\"https:\/\/licencegrid.com\/wp-content\/uploads\/2022\/02\/blue-mark.png\" alt=\"\" width=\"25\" height=\"25\" srcset=\"https:\/\/licencegrid.com\/wp-content\/uploads\/2022\/02\/blue-mark.png 225w, https:\/\/licencegrid.com\/wp-content\/uploads\/2022\/02\/blue-mark-150x150.png 150w\" sizes=\"(max-width: 25px) 100vw, 25px\" \/> Klantenservice tot 23:00 bereikbaar!<br \/>\n<img decoding=\"async\" class=\"wp-image-38007 alignnone\" src=\"https:\/\/licencegrid.com\/wp-content\/uploads\/2022\/02\/blue-mark.png\" alt=\"\" width=\"25\" height=\"25\" srcset=\"https:\/\/licencegrid.com\/wp-content\/uploads\/2022\/02\/blue-mark.png 225w, https:\/\/licencegrid.com\/wp-content\/uploads\/2022\/02\/blue-mark-150x150.png 150w\" sizes=\"(max-width: 25px) 100vw, 25px\" \/> Skorzystaj z holenderskiego sklepu internetowego z kluczem do sklepu internetowego!<\/h5>\n<h3><\/h3>","protected":false},"featured_media":112,"template":"","meta":{"inline_featured_image":false},"product_brand":[],"product_cat":[20],"product_tag":[],"class_list":{"0":"post-78","1":"product","2":"type-product","3":"status-publish","4":"has-post-thumbnail","6":"product_cat-server","8":"first","9":"instock","10":"sale","11":"taxable","12":"shipping-taxable","13":"purchasable","14":"product-type-simple"},"_links":{"self":[{"href":"https:\/\/licencegrid.com\/pl\/wp-json\/wp\/v2\/product\/78","targetHints":{"allow":["GET"]}}],"collection":[{"href":"https:\/\/licencegrid.com\/pl\/wp-json\/wp\/v2\/product"}],"about":[{"href":"https:\/\/licencegrid.com\/pl\/wp-json\/wp\/v2\/types\/product"}],"wp:featuredmedia":[{"embeddable":true,"href":"https:\/\/licencegrid.com\/pl\/wp-json\/wp\/v2\/media\/112"}],"wp:attachment":[{"href":"https:\/\/licencegrid.com\/pl\/wp-json\/wp\/v2\/media?parent=78"}],"wp:term":[{"taxonomy":"product_brand","embeddable":true,"href":"https:\/\/licencegrid.com\/pl\/wp-json\/wp\/v2\/product_brand?post=78"},{"taxonomy":"product_cat","embeddable":true,"href":"https:\/\/licencegrid.com\/pl\/wp-json\/wp\/v2\/product_cat?post=78"},{"taxonomy":"product_tag","embeddable":true,"href":"https:\/\/licencegrid.com\/pl\/wp-json\/wp\/v2\/product_tag?post=78"}],"curies":[{"name":"wp","href":"https:\/\/api.w.org\/{rel}","templated":true}]}}