{"id":79,"date":"2023-10-10T21:00:58","date_gmt":"2023-10-10T21:00:58","guid":{"rendered":"https:\/\/licencegrid.com\/?post_type=product&#038;p=79"},"modified":"2023-10-19T22:38:37","modified_gmt":"2023-10-19T22:38:37","slug":"adobe-cs6-design-standaard","status":"publish","type":"product","link":"https:\/\/licencegrid.com\/pl\/produkt\/adobe-cs6-design-standaard\/","title":{"rendered":"Adobe CS6 Design Standaard"},"content":{"rendered":"<p>Adobe CS6 Design Standard zapewnia najwy\u017csz\u0105 kreatywno\u015b\u0107 dzi\u0119ki nowemu silnikowi Mercury Graphics Engine w Adobe Photoshop\u00ae i Mercury Performance System w Adobe Illustrator. Pracuj nad nowymi projektami internetowymi, takimi jak tworzenie film\u00f3w w programie Photoshop i tworzenie film\u00f3w na iPady i inne tablety w programie Adobe InDesign. Versnel bovendien terugkerende taken for afdrukproductie met tientallen tijdbesparende verbeteringen.<\/p>\n<h3>Najlepsze nowe funkcje w Adobe CS6 Design Standard<\/h3>\n<p>Superszybka praca w z\u0142o\u017conych \u015brodowiskach dzi\u0119ki silnikowi Adobe Mercury Graphics Engine w programie Photoshop* i Mercury Performance System w programie Illustrator. Oszcz\u0119dzaj czas przy tworzeniu produkt\u00f3w dzi\u0119ki zaawansowanym opcjom i korzystaj z programu InDesign, aby tworzy\u0107 wysokiej jako\u015bci e-booki i publikacje na iPada i inne tablety.<\/p>\n<h3>Ontdek what je zoal kunt maken met Adobe CS6 Design Standard<\/h3>\n<p>Uzyskaj najlepsze wyniki dzi\u0119ki najnowszemu zestawowi oprogramowania do druku i publikacji cyfrowych. Tw\u00f3rz cyfrowe grafiki, grafiki wektorowe i strony do wydruk\u00f3w, e-book\u00f3w i publikacji na iPada.<\/p>\n<h3>Ontdek what je all die tijd hebt gemist als je CS5 oversloeg<\/h3>\n<p>Pomo\u017cemy Ci zapozna\u0107 si\u0119 z najnowszymi i najskuteczniejszymi funkcjami program\u00f3w Photoshop, Illustrator i InDesign, dzi\u0119ki kt\u00f3rym b\u0119dziesz m\u00f3g\u0142 wydajnie tworzy\u0107 i wykonywa\u0107 swoj\u0105 prac\u0119.<\/p>\n<h3>Snellere ontwerptaken w Photoshopie<\/h3>\n<p>Weryfikuj szczeg\u00f3\u0142y za pomoc\u0105 nowych i otwartych aplikacji wektorowych. Mo\u017cesz tworzy\u0107 teksty, korzysta\u0107 z wektor\u00f3w, aby przekazywa\u0107 dane i otwiera\u0107 obiekty wektorowe, tworzy\u0107 nowe i ulepszone teksty, korzysta\u0107 z wektor\u00f3w i wiele wi\u0119cej.<\/p>\n<h3>Przetwarzanie w programie Illustrator<\/h3>\n<p>Konwersja danych rastrowych na rzeczywiste wektory za pomoc\u0105 zupe\u0142nie nowego silnika do przetwarzania danych. Zapewnia to wysok\u0105 p\u0142ynno\u015b\u0107, bezb\u0142\u0119dne dzia\u0142anie i lepsze wyniki dzi\u0119ki z\u0142o\u017conym elementom pomiarowym.<\/p>\n<h3>Alternatywny uk\u0142ad w programie InDesign<\/h3>\n<p>Tworzenie i w\u0142\u0105czanie w ramach w\u0142asnego dokumentu i za pomoc\u0105 kontroli Alternatywne uk\u0142ady tre\u015bci na stronie i synchronizacja tekstu dla innych format\u00f3w stron, stojak\u00f3w lub urz\u0105dze\u0144.<\/p>\n<h3>Videobewerking w programie Photoshop<\/h3>\n<p>Tw\u00f3rz filmy w Photoshopie i wykorzystuj je w swoich cyfrowych projektach reklamowych. \u0141\u0105cz ze sob\u0105 fragmenty wideo i standardowe elementy za pomoc\u0105 overgangen, audio i efekt\u00f3w, takich jak pannen i zoomen.<\/p>\n<h3>Weryfikacja autokorekty w programie Photoshop<\/h3>\n<p>Weryfikuj ustawienia za pomoc\u0105 automatycznych opcji Curven, Niveaus i Helderheid\/contrast. Wi\u0119ksza inteligencja u\u017cytkownik\u00f3w korzystaj\u0105cych z funkcji r\u0119cznego ustawiania ostro\u015bci pozwala na lepsz\u0105 obs\u0142ug\u0119 przy wykonywaniu przejazd\u00f3w.<\/p>\n<h3>Slim aanpassen aan tekstkader w programie InDesign<\/h3>\n<p>Za pomoc\u0105 r\u00f3\u017cnych parametr\u00f3w mo\u017cna ustawi\u0107 kadr tak, aby mo\u017cna by\u0142o wyregulowa\u0107 tekst, gdy jest on wy\u015bwietlany. Umo\u017cliwia automatyczn\u0105 regulacj\u0119 i zmian\u0119 ustawie\u0144 dla kopiowania, toelichtingu i innych zmiennych ustawie\u0144.<\/p>\n<h3>Vullen met behoud van inhoud w Photoshopie<\/h3>\n<p>Verwijder elk gewenst afbeeldingsdetail of -object en zie hoe met de functie Vullen met behoud van inhoud de lege ruimte op bijna miraculeuze wijze wordt gevuld. Stem belichting, kleurtoon en ruis zo op elkaar af dat het lijkt alsof de verwijderde inhoud nooit in de afbeelding stond.<\/p>\n<h3>Inhoud<\/h3>\n<p>Adobe CS6 Design Standard<\/p>\n<ul>\n<li style=\"list-style-type: none;\">\n<ul>\n<li>Photoshop\u00ae CS6<\/li>\n<\/ul>\n<\/li>\n<\/ul>\n<ul>\n<li style=\"list-style-type: none;\">\n<ul>\n<li>Illustrator\u00ae CS6<\/li>\n<\/ul>\n<\/li>\n<\/ul>\n<ul>\n<li style=\"list-style-type: none;\">\n<ul>\n<li>InDesign\u00ae CS6<\/li>\n<\/ul>\n<\/li>\n<\/ul>\n<ul>\n<li style=\"list-style-type: none;\">\n<ul>\n<li>Acrobat\u00ae X Pro<\/li>\n<\/ul>\n<\/li>\n<\/ul>\n<ul>\n<li style=\"list-style-type: none;\">\n<ul>\n<li>Bridge CS6<\/li>\n<\/ul>\n<\/li>\n<\/ul>\n<ul>\n<li>Media Encoder CS6<\/li>\n<\/ul>\n<p>&nbsp;<\/p>\n<h3>System<\/h3>\n<ul>\n<li style=\"list-style-type: none;\">\n<ul>\n<li>Wielordzeniowy procesor Intel z obs\u0142ug\u0105 64 bit\u00f3w<\/li>\n<\/ul>\n<\/li>\n<\/ul>\n<ul>\n<li style=\"list-style-type: none;\">\n<ul>\n<li>Mac OS X v10.6.8 lub v10.7<\/li>\n<\/ul>\n<\/li>\n<\/ul>\n<ul>\n<li style=\"list-style-type: none;\">\n<ul>\n<li>2 GB pami\u0119ci RAM (8 GB aanbevolen)<\/li>\n<\/ul>\n<\/li>\n<\/ul>\n<ul>\n<li style=\"list-style-type: none;\">\n<ul>\n<li>7 GB pami\u0119ci masowej na twardym dysku do instalacji; podczas instalacji dost\u0119pna jest dodatkowa pami\u0119\u0107 masowa (nie mo\u017cna jej zainstalowa\u0107 na woluminie z wbudowanym oprogramowaniem lub na innych aplikacjach Flash).<\/li>\n<\/ul>\n<\/li>\n<\/ul>\n<ul>\n<li style=\"list-style-type: none;\">\n<ul>\n<li>Monitor o rozdzielczo\u015bci 1.024 x 768 (1.280 x 800 dost\u0119pne) z 16-bitow\u0105 matryc\u0105 i 256 MB pami\u0119ci VRAM.<\/li>\n<\/ul>\n<\/li>\n<\/ul>\n<ul>\n<li style=\"list-style-type: none;\">\n<ul>\n<li>Dla systemu OpenGL 2.0 geschikt<\/li>\n<\/ul>\n<\/li>\n<\/ul>\n<ul>\n<li style=\"list-style-type: none;\">\n<ul>\n<li>Adobe Flash Player 10 jest gotowy do eksportowania plik\u00f3w SWF<\/li>\n<\/ul>\n<\/li>\n<\/ul>\n<p>&nbsp;<\/p>\n<ul>\n<li>To oprogramowanie nie wymaga aktywacji. Breedbandinternetverbinding and registratie zijn vereist voor softwareactivering, validering van abonnementen en toegang tot online services.\u2020 Activering via telefoon is niet beschikbaar.<\/li>\n<\/ul>\n<p>&nbsp;<\/p>\n<p><a href=\"https:\/\/www.digitallicense.nl\/adobe-creative-suite-cs6-design-standard-windows\" style=\"display:none\">a<\/a><\/p>\n<p><a href=\"https:\/\/tweakers.net\/pricewatch\/312447\/adobe-creative-suite-cs6-design-standard.html\" style=\"display:none\">a<\/a><\/p>\n<p><a href=\"https:\/\/www.bol.com\/nl\/p\/adobe-design-standard-cs6-win-nederlands\/1003004012253412\/\" style=\"display:none\">a<\/a><\/p>\n<p><a href=\"https:\/\/licencegrid.com\/pl\/produkt\/adobe-photoshop-cs6\/\" style=\"display:none\">a<\/a><\/p>\n<p><a href=\"https:\/\/licencegrid.com\/pl\/produkt\/adobe-cs6-design-web-premium\/\" style=\"display:none\">a<\/a><\/p>\n<p><a href=\"https:\/\/licencegrid.com\/pl\/product\/adobe-premiere-elements\/\" style=\"display:none\">a<\/a><\/p>\n<p><a href=\"https:\/\/licencegrid.com\/pl\/product\/adobe-premiere-elements\/\" style=\"display:none\">a<\/a><\/p>\n<p><a href=\"https:\/\/licencegrid.com\/pl\/product\/adobe-acrobat-pro-dc\/\" style=\"display:none\">a<\/a><\/p>","protected":false},"excerpt":{"rendered":"<h5><img decoding=\"async\" class=\"wp-image-38007 alignnone\" src=\"https:\/\/licencegrid.com\/wp-content\/uploads\/2022\/02\/blue-mark.png\" alt=\"\" width=\"25\" height=\"25\" srcset=\"https:\/\/licencegrid.com\/wp-content\/uploads\/2022\/02\/blue-mark.png 225w, https:\/\/licencegrid.com\/wp-content\/uploads\/2022\/02\/blue-mark-150x150.png 150w\" sizes=\"(max-width: 25px) 100vw, 25px\" \/>\u00a0<strong>Szybka i prosta obs\u0142uga oprogramowania!<br \/>\n<\/strong><img decoding=\"async\" class=\"wp-image-38007 alignnone\" src=\"https:\/\/licencegrid.com\/wp-content\/uploads\/2022\/02\/blue-mark.png\" alt=\"\" width=\"25\" height=\"25\" srcset=\"https:\/\/licencegrid.com\/wp-content\/uploads\/2022\/02\/blue-mark.png 225w, https:\/\/licencegrid.com\/wp-content\/uploads\/2022\/02\/blue-mark-150x150.png 150w\" sizes=\"(max-width: 25px) 100vw, 25px\" \/>\u00a0<strong>Binnen enkele seconden, digitaal geleverd!<br \/>\n<\/strong><img decoding=\"async\" class=\"wp-image-38007 alignnone\" src=\"https:\/\/licencegrid.com\/wp-content\/uploads\/2022\/02\/blue-mark.png\" alt=\"\" width=\"25\" height=\"25\" srcset=\"https:\/\/licencegrid.com\/wp-content\/uploads\/2022\/02\/blue-mark.png 225w, https:\/\/licencegrid.com\/wp-content\/uploads\/2022\/02\/blue-mark-150x150.png 150w\" sizes=\"(max-width: 25px) 100vw, 25px\" \/>\u00a0<strong>Niet goed = Geld terug!<br \/>\n<\/strong><img decoding=\"async\" class=\"wp-image-38007 alignnone\" src=\"https:\/\/licencegrid.com\/wp-content\/uploads\/2022\/02\/blue-mark.png\" alt=\"\" width=\"25\" height=\"25\" srcset=\"https:\/\/licencegrid.com\/wp-content\/uploads\/2022\/02\/blue-mark.png 225w, https:\/\/licencegrid.com\/wp-content\/uploads\/2022\/02\/blue-mark-150x150.png 150w\" sizes=\"(max-width: 25px) 100vw, 25px\" \/> Klantenservice tot 23:00 bereikbaar!<br \/>\n<img decoding=\"async\" class=\"wp-image-38007 alignnone\" src=\"https:\/\/licencegrid.com\/wp-content\/uploads\/2022\/02\/blue-mark.png\" alt=\"\" width=\"25\" height=\"25\" srcset=\"https:\/\/licencegrid.com\/wp-content\/uploads\/2022\/02\/blue-mark.png 225w, https:\/\/licencegrid.com\/wp-content\/uploads\/2022\/02\/blue-mark-150x150.png 150w\" sizes=\"(max-width: 25px) 100vw, 25px\" \/> Skorzystaj z holenderskiego sklepu internetowego z kluczem do sklepu internetowego!<\/h5>\n<h3><\/h3>","protected":false},"featured_media":113,"template":"","meta":{"inline_featured_image":false},"product_brand":[],"product_cat":[19],"product_tag":[],"class_list":{"0":"post-79","1":"product","2":"type-product","3":"status-publish","4":"has-post-thumbnail","6":"product_cat-multimedia","8":"first","9":"outofstock","10":"sale","11":"taxable","12":"shipping-taxable","13":"purchasable","14":"product-type-simple"},"_links":{"self":[{"href":"https:\/\/licencegrid.com\/pl\/wp-json\/wp\/v2\/product\/79","targetHints":{"allow":["GET"]}}],"collection":[{"href":"https:\/\/licencegrid.com\/pl\/wp-json\/wp\/v2\/product"}],"about":[{"href":"https:\/\/licencegrid.com\/pl\/wp-json\/wp\/v2\/types\/product"}],"wp:featuredmedia":[{"embeddable":true,"href":"https:\/\/licencegrid.com\/pl\/wp-json\/wp\/v2\/media\/113"}],"wp:attachment":[{"href":"https:\/\/licencegrid.com\/pl\/wp-json\/wp\/v2\/media?parent=79"}],"wp:term":[{"taxonomy":"product_brand","embeddable":true,"href":"https:\/\/licencegrid.com\/pl\/wp-json\/wp\/v2\/product_brand?post=79"},{"taxonomy":"product_cat","embeddable":true,"href":"https:\/\/licencegrid.com\/pl\/wp-json\/wp\/v2\/product_cat?post=79"},{"taxonomy":"product_tag","embeddable":true,"href":"https:\/\/licencegrid.com\/pl\/wp-json\/wp\/v2\/product_tag?post=79"}],"curies":[{"name":"wp","href":"https:\/\/api.w.org\/{rel}","templated":true}]}}