{"id":80,"date":"2023-10-10T21:00:58","date_gmt":"2023-10-10T21:00:58","guid":{"rendered":"https:\/\/licencegrid.com\/?post_type=product&#038;p=80"},"modified":"2023-10-19T22:38:45","modified_gmt":"2023-10-19T22:38:45","slug":"adobe-cs6-design-web-premium","status":"publish","type":"product","link":"https:\/\/licencegrid.com\/pl\/produkt\/adobe-cs6-design-web-premium\/","title":{"rendered":"Adobe CS6 Design &amp; Web Premium"},"content":{"rendered":"<p>Adobe CS6 Design Web Premium to wyj\u0105tkowy zestaw narz\u0119dzi dla profesjonalist\u00f3w. Oferuje zaawansowane, cyfrowe rozwi\u0105zania i doskona\u0142e materia\u0142y, kt\u00f3re u\u0142atwiaj\u0105 prac\u0119. Tw\u00f3rz layouty stron internetowych dla drukarni z zaawansowan\u0105 typografi\u0105, buduj strony internetowe HTML5\/CSS3 o fantastycznym wygl\u0105dzie, a tak\u017ce tw\u00f3rz aplikacje na tablety i smartfony.<\/p>\n<p>Tworzenie zaawansowanych materia\u0142\u00f3w cyfrowych<br \/>\nAdobe CS6 Design Web Premium to znacznie wi\u0119cej mo\u017cliwo\u015bci. Tw\u00f3rz wspania\u0142e projekty cyfrowe za pomoc\u0105 najnowszego oprogramowania Adobe Photoshop CS6 Extended, tw\u00f3rz zaawansowane projekty wektorowe, kt\u00f3re doskonale nadaj\u0105 si\u0119 do wi\u0119kszych medi\u00f3w, za pomoc\u0105 programu Adobe Illustrator CS6 i czerp inspiracj\u0119 z por\u0119cznych aplikacji Adobe Touch Apps na iPada lub tablet z systemem Android\u2122.<\/p>\n<p>Ontdek de nouwe mogelijkheden voor professionele ontwerpers<br \/>\nPracuj w superwydajnych, z\u0142o\u017conych \u015brodowiskach dzi\u0119ki nowemu silnikowi Adobe Mercury Graphics Engine w Adobe Photoshop Extended i Mercury Performance System w Adobe Illustrator. Tworzenie layout\u00f3w publikacji na iPada i inne tablety za pomoc\u0105 Adobe InDesign oraz tworzenie stron internetowych HTML5\/CSS3 w Adobe Dreamweaver.<\/p>\n<p>Idealny dla profesjonalnych webmaster\u00f3w<br \/>\nTw\u00f3rz strony internetowe w oparciu o najnowsze standardy HTML5\/CSS3 i korzystaj ze sprawdzonych funkcji ftp w programie Dreamweaver. Tworzenie tre\u015bci dla r\u00f3\u017cnych urz\u0105dze\u0144 i platform. Tworzenie optymalnych grafik i ilustracji w Adobe CS6 Design Web Premium.<\/p>\n<p>Ontdek what je zoal kunt maken<br \/>\nDostarczaj najlepsze pomys\u0142y na wykorzystanie multimedi\u00f3w dzi\u0119ki wyj\u0105tkowemu zestawowi narz\u0119dzi do profesjonalnej pracy. Tw\u00f3rz tre\u015bci na potrzeby drukarek, stron internetowych, tablet\u00f3w i smartfon\u00f3w za pomoc\u0105 najnowszych aplikacji. Niezwyk\u0142a kreatywno\u015b\u0107 i \u0142atwa kontrola.<\/p>\n<p>Przetwarzanie w programie Illustrator<br \/>\nKonwersja danych rastrowych na rzeczywiste wektory za pomoc\u0105 zupe\u0142nie nowego silnika do przetwarzania danych. Zapewnia to wysok\u0105 p\u0142ynno\u015b\u0107, bezb\u0142\u0119dne dzia\u0142anie i lepsze wyniki dzi\u0119ki z\u0142o\u017conym elementom pomiarowym.<\/p>\n<p>Opslaan op de achtergrond w Photoshop Extended<br \/>\nW przypadku, gdy komputer jest w\u0142\u0105czony, nale\u017cy go odblokowa\u0107. Nale\u017cy pami\u0119ta\u0107 o automatycznym w\u0142\u0105czaniu i wy\u0142\u0105czaniu funkcji. Mo\u017cna r\u00f3wnie\u017c otworzy\u0107 drzwi, je\u015bli na ekranie zostan\u0105 wy\u015bwietlone bardzo dobre strony programu Photoshop.<\/p>\n<p>Interfejs u\u017cytkownika w programie Photoshop Extended<br \/>\nDzi\u0119ki wbudowanym parametrom w interfejsie u\u017cytkownika, mo\u017cliwe jest uzyskanie bardziej precyzyjnych, cyfrowych masek. Wijzig en verbeter eenvoudig de kleur en kleurtoon vanuit het deelvenster Aanpassingen en maak en bewerk snel maskers vanuit het deelvenster Masker.<\/p>\n<p>Inhoud verpakking<\/p>\n<p>Photoshop CS6 Extended<\/p>\n<p>Illustrator CS6<\/p>\n<p>InDesign CS6<\/p>\n<p>Dreamweaver CS6<\/p>\n<p>Flash\u00ae Professional CS6<\/p>\n<p>Fireworks CS6<\/p>\n<p>Acrobat X Pro<\/p>\n<p>Bridge CS6<\/p>\n<p>Media Encoder CS6<\/p>\n<p>System<\/p>\n<p>Procesor Intel Pentium 4- lub AMD Athlon\u00ae 64<\/p>\n<p>Microsoft Windows\u00ae XP (zgodny z dodatkiem Service Pack 3) lub Windows 7 (zgodny z dodatkiem Service Pack 1)<\/p>\n<p>2 GB RAM (3 GB aanbevolen) dla 32 bit\u00f3w; 2 GB RAM (8 GB aanbevolen) dla 64 bit\u00f3w<\/p>\n<p>11 GB pami\u0119ci masowej na twardym dysku na potrzeby instalacji; po zako\u0144czeniu instalacji dost\u0119pna jest dodatkowa pami\u0119\u0107 masowa (nie mo\u017cna jej zainstalowa\u0107 na innych aplikacjach Flash).<\/p>\n<p>Monitor o rozdzielczo\u015bci 1.280 x 800 (1.280 x 1.024 aanbevolen) z 16-bitow\u0105 matryc\u0105 i 512 MB pami\u0119ci VRAM.<\/p>\n<p>Dla systemu OpenGL 2.0 geschikt<\/p>\n<p>Stacja dvd-rom kompatybilna z p\u0142ytami dvd w dw\u00f3ch formatach<\/p>\n<p>Java Runtime Environment 1.6 (inbegrepen)<\/p>\n<p>QuickTime 7.6.6 umo\u017cliwia korzystanie z multimedi\u00f3w HTML5 i funkcji multimedialnych<\/p>\n<p>Adobe Flash Player 10 jest gotowy do eksportowania plik\u00f3w SWF<\/p>\n<p>&nbsp;<\/p>\n<p><a href=\"https:\/\/www.bol.com\/nl\/p\/adobe-design-and-web-premium-cs6-windows-english\/9200000055886525\/\" style=\"display:none\">na zewn\u0105trz<\/a><\/p>\n<p><a href=\"https:\/\/www.bol.com\/nl\/p\/adobe-design-en-web-premium-cs6-win-engels\/1003004012253410\/\" style=\"display:none\">na zewn\u0105trz<\/a><\/p>\n<p><a href=\"https:\/\/tweakers.net\/pricewatch\/314830\/adobe-creative-suite-cs6-design-and-web-premium.html\" style=\"display:none\">na zewn\u0105trz<\/a><\/p>\n<p><a href=\"https:\/\/licencegrid.com\/pl\/product\/adobe-premiere-elements\/\" style=\"display:none\">inb<\/a><\/p>\n<p><a href=\"https:\/\/licencegrid.com\/pl\/produkt\/adobe-photoshop-cs6\/\" style=\"display:none\"><\/a><\/p>\n<p><a href=\"https:\/\/licencegrid.com\/pl\/produkt\/adobe-cs6-design-standaard\/\" style=\"display:none\"><\/a><\/p>","protected":false},"excerpt":{"rendered":"<h5><img decoding=\"async\" class=\"wp-image-38007 alignnone\" src=\"https:\/\/licencegrid.com\/wp-content\/uploads\/2022\/02\/blue-mark.png\" alt=\"\" width=\"25\" height=\"25\" srcset=\"https:\/\/licencegrid.com\/wp-content\/uploads\/2022\/02\/blue-mark.png 225w, https:\/\/licencegrid.com\/wp-content\/uploads\/2022\/02\/blue-mark-150x150.png 150w\" sizes=\"(max-width: 25px) 100vw, 25px\" \/>\u00a0<strong>Szybka i prosta obs\u0142uga oprogramowania!<br \/>\n<\/strong><img decoding=\"async\" class=\"wp-image-38007 alignnone\" src=\"https:\/\/licencegrid.com\/wp-content\/uploads\/2022\/02\/blue-mark.png\" alt=\"\" width=\"25\" height=\"25\" srcset=\"https:\/\/licencegrid.com\/wp-content\/uploads\/2022\/02\/blue-mark.png 225w, https:\/\/licencegrid.com\/wp-content\/uploads\/2022\/02\/blue-mark-150x150.png 150w\" sizes=\"(max-width: 25px) 100vw, 25px\" \/>\u00a0<strong>Binnen enkele seconden, digitaal geleverd!<br \/>\n<\/strong><img decoding=\"async\" class=\"wp-image-38007 alignnone\" src=\"https:\/\/licencegrid.com\/wp-content\/uploads\/2022\/02\/blue-mark.png\" alt=\"\" width=\"25\" height=\"25\" srcset=\"https:\/\/licencegrid.com\/wp-content\/uploads\/2022\/02\/blue-mark.png 225w, https:\/\/licencegrid.com\/wp-content\/uploads\/2022\/02\/blue-mark-150x150.png 150w\" sizes=\"(max-width: 25px) 100vw, 25px\" \/>\u00a0<strong>Niet goed = Geld terug!<br \/>\n<\/strong><img decoding=\"async\" class=\"wp-image-38007 alignnone\" src=\"https:\/\/licencegrid.com\/wp-content\/uploads\/2022\/02\/blue-mark.png\" alt=\"\" width=\"25\" height=\"25\" srcset=\"https:\/\/licencegrid.com\/wp-content\/uploads\/2022\/02\/blue-mark.png 225w, https:\/\/licencegrid.com\/wp-content\/uploads\/2022\/02\/blue-mark-150x150.png 150w\" sizes=\"(max-width: 25px) 100vw, 25px\" \/> Klantenservice tot 23:00 bereikbaar!<br \/>\n<img decoding=\"async\" class=\"wp-image-38007 alignnone\" src=\"https:\/\/licencegrid.com\/wp-content\/uploads\/2022\/02\/blue-mark.png\" alt=\"\" width=\"25\" height=\"25\" srcset=\"https:\/\/licencegrid.com\/wp-content\/uploads\/2022\/02\/blue-mark.png 225w, https:\/\/licencegrid.com\/wp-content\/uploads\/2022\/02\/blue-mark-150x150.png 150w\" sizes=\"(max-width: 25px) 100vw, 25px\" \/> Skorzystaj z holenderskiego sklepu internetowego z kluczem do sklepu internetowego!<\/h5>\n<h3><\/h3>","protected":false},"featured_media":114,"template":"","meta":{"inline_featured_image":false},"product_brand":[],"product_cat":[19],"product_tag":[],"class_list":{"0":"post-80","1":"product","2":"type-product","3":"status-publish","4":"has-post-thumbnail","6":"product_cat-multimedia","8":"first","9":"outofstock","10":"sale","11":"taxable","12":"shipping-taxable","13":"purchasable","14":"product-type-simple"},"_links":{"self":[{"href":"https:\/\/licencegrid.com\/pl\/wp-json\/wp\/v2\/product\/80","targetHints":{"allow":["GET"]}}],"collection":[{"href":"https:\/\/licencegrid.com\/pl\/wp-json\/wp\/v2\/product"}],"about":[{"href":"https:\/\/licencegrid.com\/pl\/wp-json\/wp\/v2\/types\/product"}],"wp:featuredmedia":[{"embeddable":true,"href":"https:\/\/licencegrid.com\/pl\/wp-json\/wp\/v2\/media\/114"}],"wp:attachment":[{"href":"https:\/\/licencegrid.com\/pl\/wp-json\/wp\/v2\/media?parent=80"}],"wp:term":[{"taxonomy":"product_brand","embeddable":true,"href":"https:\/\/licencegrid.com\/pl\/wp-json\/wp\/v2\/product_brand?post=80"},{"taxonomy":"product_cat","embeddable":true,"href":"https:\/\/licencegrid.com\/pl\/wp-json\/wp\/v2\/product_cat?post=80"},{"taxonomy":"product_tag","embeddable":true,"href":"https:\/\/licencegrid.com\/pl\/wp-json\/wp\/v2\/product_tag?post=80"}],"curies":[{"name":"wp","href":"https:\/\/api.w.org\/{rel}","templated":true}]}}