{"id":92,"date":"2023-10-10T20:57:58","date_gmt":"2023-10-10T20:57:58","guid":{"rendered":"https:\/\/licencegrid.com\/?post_type=product&#038;p=92"},"modified":"2023-12-13T10:38:08","modified_gmt":"2023-12-13T10:38:08","slug":"adobe-creative-cloud-individual-100gb-1-jaar-pc-mac","status":"publish","type":"product","link":"https:\/\/licencegrid.com\/pl\/produkt\/adobe-creative-cloud-individual-100gb-1-jaar-pc-mac\/","title":{"rendered":"Adobe Creative Cloud Individual 100 GB - 2 urz\u0105dzenia - 1 rok - PC\/MAC"},"content":{"rendered":"<p>Dzi\u0119ki Adobe Creative Cloud Individual 80GB mo\u017cesz przenie\u015b\u0107 swoje kreatywne projekty na wy\u017cszy poziom. Platforma \"wszystko w jednym\" oferuje dost\u0119p do najwi\u0119kszego na \u015bwiecie oprogramowania do tworzenia, a tak\u017ce 100 GB przestrzeni dyskowej w chmurze, dzi\u0119ki czemu mo\u017cna w \u0142atwy i szybki spos\u00f3b korzysta\u0107 z najlepszych rozwi\u0105za\u0144. Je\u015bli jeste\u015b grafikiem, fotografem, wideofilmowcem, tw\u00f3rc\u0105 stron internetowych lub innym kreatywnym profesjonalist\u0105, Adobe Creative Cloud ma wszystko, czego potrzebujesz, aby Twoja wizja si\u0119 rozwin\u0119\u0142a.<\/p>\n<p><strong>Najwa\u017cniejsze informacje:<\/strong><\/p>\n<ol>\n<li><strong>Dost\u0119p do pe\u0142nego pakietu aplikacji Adobe Creative Apps:<\/strong> Us\u0142uga Creative Cloud Individual zapewnia dost\u0119p do szerokiej gamy oprogramowania kreatywnego firmy Adobe, w tym program\u00f3w Photoshop, Illustrator, InDesign, Premiere Pro, After Effects i wielu innych. Dzi\u0119ki temu b\u0119dziesz w stanie stworzy\u0107 wszystko, od wspania\u0142ych grafik i ilustracji po boeiende wideo i webinhoud.<\/li>\n<li><strong>80GB Cloudopslag:<\/strong> Udost\u0119pniaj swoje najlepsze rozwi\u0105zania w chmurze z pami\u0119ci\u0105 masow\u0105 100 GB. Dzi\u0119ki temu praca z zespo\u0142em, konsultantami i innymi osobami staje si\u0119 \u0142atwiejsza i bezpieczniejsza.<\/li>\n<li><strong>Regularne aktualizacje i nowe funkcje:<\/strong> Adobe udost\u0119pnia w us\u0142udze Creative Cloud regularne aktualizacje i nowe funkcje, dzi\u0119ki kt\u00f3rym mo\u017cna uzyska\u0107 dost\u0119p do najnowszych narz\u0119dzi i technologii umo\u017cliwiaj\u0105cych realizacj\u0119 kreatywnych projekt\u00f3w.<\/li>\n<li><strong>Dobra integracja:<\/strong> Us\u0142uga Creative Cloud jest powi\u0105zana z innymi produktami i us\u0142ugami firmy Adobe, dzi\u0119ki czemu mo\u017cna uzyska\u0107 najlepsze rozwi\u0105zania i wsp\u00f3\u0142pracowa\u0107 z zespo\u0142em i partnerami.<\/li>\n<li><strong>Kompatybilno\u015b\u0107 mi\u0119dzyplatformowa:<\/strong> Je\u015bli nie pracujesz na komputerze z systemem Windows lub Mac, Creative Cloud Individual jest kompatybilny z obydwoma systemami sprz\u0119towymi, dzi\u0119ki czemu mo\u017cesz elastycznie zarz\u0105dza\u0107 swoj\u0105 stacj\u0105 robocz\u0105.<\/li>\n<\/ol>\n<p><strong>Systeemeisen:<\/strong><\/p>\n<p>Aby optymalnie wykorzysta\u0107 Adobe Creative Cloud Individual 100 GB, nale\u017cy zapozna\u0107 si\u0119 z poni\u017cszymi zasadami:<\/p>\n<p><strong>Dla Windows:<\/strong><\/p>\n<ul>\n<li>Najlepszy system operacyjny: Minimalny Windows 10 (64-bity)<\/li>\n<li>Procesor: Wielordzeniowy procesor Intel lub AMD z obs\u0142ug\u0105 64 bit\u00f3w<\/li>\n<li>Pami\u0119\u0107: 16 GB RAM (lub wi\u0119cej)<\/li>\n<li>Opcja: Dysk SSD o pojemno\u015bci 4 GB na czas instalacji; dodatkowa pami\u0119\u0107 na czas instalacji<\/li>\n<li>Karta graficzna: GPU z obs\u0142ug\u0105 DirectX 12<\/li>\n<\/ul>\n<p><strong>Dla komputer\u00f3w Mac:<\/strong><\/p>\n<ul>\n<li>Najlepszy system operacyjny: macOS 10.14 (Mojave) lub nowszy<\/li>\n<li>Procesor: Wielordzeniowy procesor Intel z obs\u0142ug\u0105 64 bit\u00f3w<\/li>\n<li>Pami\u0119\u0107: 16 GB RAM (lub wi\u0119cej)<\/li>\n<li>Opcja: Dysk SSD o pojemno\u015bci 4 GB na czas instalacji; dodatkowa pami\u0119\u0107 na czas instalacji<\/li>\n<\/ul>\n<p>W tym miejscu znajduje si\u0119 \u0142\u0105cze internetowe umo\u017cliwiaj\u0105ce pobieranie, aktualizowanie i uruchamianie aplikacji Creative Cloud, nawet w celu po\u0142\u0105czenia z us\u0142ugami online i us\u0142ugami w chmurze.<\/p>\n<p>Adobe Creative Cloud Individual 100GB zawiera wszystkie narz\u0119dzia i pomoce potrzebne do tworzenia kreatywnych wizji. Ten pakiet narz\u0119dzi jest niezb\u0119dny dla ka\u017cdego nowoczesnego, kreatywnego profesjonalisty - od tworzenia zaawansowanych aplikacji po tworzenie gotowych film\u00f3w wideo. Dokonaj aktualizacji i dowiedz si\u0119, co mo\u017cesz uzyska\u0107 dzi\u0119ki Adobe Creative Cloud!<\/p>","protected":false},"excerpt":{"rendered":"<p>Jest kreatywny, ma pomys\u0142y i szuka sposobu na ich realizacj\u0119. Do tego celu s\u0142u\u017c\u0105 r\u00f3\u017cne programy. Us\u0142uga Creative Cloud obejmuje wi\u0119cej ni\u017c\u00a0<b>20 aplikacji i us\u0142ug na komputery stacjonarne i urz\u0105dzenia mobilne<\/b>\u00a0dla fotografii, ontwerp, wideo, web, UX i innych.<\/p>\n<p><img decoding=\"async\" class=\"wp-image-38007 alignnone\" src=\"https:\/\/licencegrid.com\/wp-content\/uploads\/2022\/02\/blue-mark.png\" alt=\"\" width=\"25\" height=\"25\" srcset=\"https:\/\/licencegrid.com\/wp-content\/uploads\/2022\/02\/blue-mark.png 225w, https:\/\/licencegrid.com\/wp-content\/uploads\/2022\/02\/blue-mark-150x150.png 150w\" sizes=\"(max-width: 25px) 100vw, 25px\" \/>\u00a0<strong>Szybka i prosta obs\u0142uga oprogramowania!<br \/>\n<\/strong><img decoding=\"async\" class=\"wp-image-38007 alignnone\" src=\"https:\/\/licencegrid.com\/wp-content\/uploads\/2022\/02\/blue-mark.png\" alt=\"\" width=\"25\" height=\"25\" srcset=\"https:\/\/licencegrid.com\/wp-content\/uploads\/2022\/02\/blue-mark.png 225w, https:\/\/licencegrid.com\/wp-content\/uploads\/2022\/02\/blue-mark-150x150.png 150w\" sizes=\"(max-width: 25px) 100vw, 25px\" \/>\u00a0<strong>Binnen enkele seconden, digitaal geleverd!<br \/>\n<\/strong><img decoding=\"async\" class=\"wp-image-38007 alignnone\" src=\"https:\/\/licencegrid.com\/wp-content\/uploads\/2022\/02\/blue-mark.png\" alt=\"\" width=\"25\" height=\"25\" srcset=\"https:\/\/licencegrid.com\/wp-content\/uploads\/2022\/02\/blue-mark.png 225w, https:\/\/licencegrid.com\/wp-content\/uploads\/2022\/02\/blue-mark-150x150.png 150w\" sizes=\"(max-width: 25px) 100vw, 25px\" \/>\u00a0<strong>Niet goed = Geld terug!<br \/>\n<\/strong><img decoding=\"async\" class=\"wp-image-38007 alignnone\" src=\"https:\/\/licencegrid.com\/wp-content\/uploads\/2022\/02\/blue-mark.png\" alt=\"\" width=\"25\" height=\"25\" srcset=\"https:\/\/licencegrid.com\/wp-content\/uploads\/2022\/02\/blue-mark.png 225w, https:\/\/licencegrid.com\/wp-content\/uploads\/2022\/02\/blue-mark-150x150.png 150w\" sizes=\"(max-width: 25px) 100vw, 25px\" \/> <strong>Klantenservice tot 23:00 bereikbaar!<\/strong><br \/>\n<img decoding=\"async\" class=\"wp-image-38007 alignnone\" src=\"https:\/\/licencegrid.com\/wp-content\/uploads\/2022\/02\/blue-mark.png\" alt=\"\" width=\"25\" height=\"25\" srcset=\"https:\/\/licencegrid.com\/wp-content\/uploads\/2022\/02\/blue-mark.png 225w, https:\/\/licencegrid.com\/wp-content\/uploads\/2022\/02\/blue-mark-150x150.png 150w\" sizes=\"(max-width: 25px) 100vw, 25px\" \/> <strong>Skorzystaj z holenderskiego sklepu internetowego z kluczem do sklepu internetowego!<\/strong><\/p>\n<h3><\/h3>","protected":false},"featured_media":38212,"template":"","meta":{"inline_featured_image":false},"product_brand":[],"product_cat":[19],"product_tag":[],"class_list":{"0":"post-92","1":"product","2":"type-product","3":"status-publish","4":"has-post-thumbnail","6":"product_cat-multimedia","8":"first","9":"instock","10":"sale","11":"taxable","12":"shipping-taxable","13":"purchasable","14":"product-type-simple"},"_links":{"self":[{"href":"https:\/\/licencegrid.com\/pl\/wp-json\/wp\/v2\/product\/92","targetHints":{"allow":["GET"]}}],"collection":[{"href":"https:\/\/licencegrid.com\/pl\/wp-json\/wp\/v2\/product"}],"about":[{"href":"https:\/\/licencegrid.com\/pl\/wp-json\/wp\/v2\/types\/product"}],"wp:featuredmedia":[{"embeddable":true,"href":"https:\/\/licencegrid.com\/pl\/wp-json\/wp\/v2\/media\/38212"}],"wp:attachment":[{"href":"https:\/\/licencegrid.com\/pl\/wp-json\/wp\/v2\/media?parent=92"}],"wp:term":[{"taxonomy":"product_brand","embeddable":true,"href":"https:\/\/licencegrid.com\/pl\/wp-json\/wp\/v2\/product_brand?post=92"},{"taxonomy":"product_cat","embeddable":true,"href":"https:\/\/licencegrid.com\/pl\/wp-json\/wp\/v2\/product_cat?post=92"},{"taxonomy":"product_tag","embeddable":true,"href":"https:\/\/licencegrid.com\/pl\/wp-json\/wp\/v2\/product_tag?post=92"}],"curies":[{"name":"wp","href":"https:\/\/api.w.org\/{rel}","templated":true}]}}